{"id":2011,"date":"2023-08-31T15:37:48","date_gmt":"2023-08-31T13:37:48","guid":{"rendered":"http:\/\/intpro-handelsagentur.com\/intpro-object\/?page_id=2011"},"modified":"2023-10-05T12:28:54","modified_gmt":"2023-10-05T10:28:54","slug":"echtleder","status":"publish","type":"page","link":"https:\/\/intpro-handelsagentur.com\/intpro-object\/echtleder\/","title":{"rendered":"Echtleder"},"content":{"rendered":"\n\n\t<section class=\"section\" id=\"section_332239281\">\n\t\t<div class=\"section-bg fill\" >\n\t\t\t\t\t\t\t\t\t<button class=\"scroll-for-more z-5 icon absolute bottom h-center\" aria-label=\"Scrollen f\u00fcr mehr\"><i class=\"icon-angle-down\" style=\"font-size:42px;\" ><\/i><\/button>\n\t\t\t\n\n\t\t<\/div>\n\n\t\t\n\n\t\t<div class=\"section-content relative\">\n\t\t\t\n\n<div class=\"row row-full-width\"  id=\"row-1052799409\">\n\n\n\t<div id=\"col-849631865\" class=\"col medium-12 small-12 large-6\"  >\n\t\t\t\t<div class=\"col-inner text-left\"  >\n\t\t\t\n\t\t\t\n\n\t<div id=\"text-479023082\" class=\"text\">\n\t\t\n\n<h3><span style=\"color: #ffffff;\">PRODUKTE<\/span><\/h3>\n\t\t\n<style>\n#text-479023082 {\n  font-size: 1.3rem;\n}\n<\/style>\n\t<\/div>\n\t\n<div class=\"is-divider divider clearfix\" style=\"max-width:241px;background-color:rgb(18, 208, 199);\"><\/div>\n\n\t<div id=\"text-1991022530\" class=\"text\">\n\t\t\n\n<h1><span style=\"color: #ffffff;\">Echtleder<\/span><\/h1>\n\t\t\n<style>\n#text-1991022530 {\n  font-size: 2.3rem;\n}\n<\/style>\n\t<\/div>\n\t\n\n\t\t<\/div>\n\t\t\t\t\n<style>\n#col-849631865 > .col-inner {\n  margin: 0px 0px 0 0px;\n}\n@media (min-width:550px) {\n  #col-849631865 > .col-inner {\n    margin: 0px 0px 0 0px;\n  }\n}\n@media (min-width:850px) {\n  #col-849631865 > .col-inner {\n    margin: 200px 0px 200px 0px;\n  }\n}\n<\/style>\n\t<\/div>\n\n\t\n\n\t<div id=\"col-1325816636\" class=\"col hide-for-medium medium-6 small-12 large-6\"  >\n\t\t\t\t<div class=\"col-inner text-right\"  >\n\t\t\t\n\t\t\t\n\n\t<div class=\"img has-hover x md-x lg-x y md-y lg-y\" id=\"image_1576469683\">\n\t\t\t\t\t\t\t\t<div class=\"img-inner dark\" >\n\t\t\t<img loading=\"lazy\" decoding=\"async\" width=\"2560\" height=\"1920\" src=\"https:\/\/intpro-handelsagentur.com\/intpro-object\/wp-content\/uploads\/2023\/08\/Echtleder_Beszugsleder_IntPro-Handelsagentur-3-scaled.jpg\" class=\"attachment-original size-original\" alt=\"\" srcset=\"https:\/\/intpro-handelsagentur.com\/intpro-object\/wp-content\/uploads\/2023\/08\/Echtleder_Beszugsleder_IntPro-Handelsagentur-3-scaled.jpg 2560w, https:\/\/intpro-handelsagentur.com\/intpro-object\/wp-content\/uploads\/2023\/08\/Echtleder_Beszugsleder_IntPro-Handelsagentur-3-300x225.jpg 300w, https:\/\/intpro-handelsagentur.com\/intpro-object\/wp-content\/uploads\/2023\/08\/Echtleder_Beszugsleder_IntPro-Handelsagentur-3-1024x768.jpg 1024w, https:\/\/intpro-handelsagentur.com\/intpro-object\/wp-content\/uploads\/2023\/08\/Echtleder_Beszugsleder_IntPro-Handelsagentur-3-768x576.jpg 768w, https:\/\/intpro-handelsagentur.com\/intpro-object\/wp-content\/uploads\/2023\/08\/Echtleder_Beszugsleder_IntPro-Handelsagentur-3-1536x1152.jpg 1536w, https:\/\/intpro-handelsagentur.com\/intpro-object\/wp-content\/uploads\/2023\/08\/Echtleder_Beszugsleder_IntPro-Handelsagentur-3-2048x1536.jpg 2048w\" sizes=\"auto, (max-width: 2560px) 100vw, 2560px\" \/>\t\t\t\t\t\t\n\t\t\t\t\t<\/div>\n\t\t\t\t\t\t\t\t\n<style>\n#image_1576469683 {\n  width: 100%;\n}\n<\/style>\n\t<\/div>\n\t\n\n\n\t\t<\/div>\n\t\t\t\t\t<\/div>\n\n\t\n\n<\/div>\n\n\t\t<\/div>\n\n\t\t\n<style>\n#section_332239281 {\n  padding-top: 30px;\n  padding-bottom: 30px;\n  background-color: rgb(0,0,0);\n}\n<\/style>\n\t<\/section>\n\t\n\n\t<section class=\"section\" id=\"section_804921498\">\n\t\t<div class=\"section-bg fill\" >\n\t\t\t\t\t\t\t\t\t\n\t\t\t\n\n\t\t<\/div>\n\n\t\t\n\n\t\t<div class=\"section-content relative\">\n\t\t\t\n\n<div class=\"row row-full-width\"  id=\"row-1430571840\">\n\n\n\t<div id=\"col-1225278610\" class=\"col medium-12 small-12 large-4\"  >\n\t\t\t\t<div class=\"col-inner\"  >\n\t\t\t\n\t\t\t\n\n<div class=\"slider-wrapper relative\" id=\"slider-168876477\" >\n    <div class=\"slider slider-nav-circle slider-nav-large slider-nav-dark slider-style-normal slider-show-nav\"\n        data-flickity-options='{\n            \"cellAlign\": \"center\",\n            \"imagesLoaded\": true,\n            \"lazyLoad\": 1,\n            \"freeScroll\": false,\n            \"wrapAround\": true,\n            \"autoPlay\": 3000,\n            \"pauseAutoPlayOnHover\" : true,\n            \"prevNextButtons\": true,\n            \"contain\" : true,\n            \"adaptiveHeight\" : true,\n            \"dragThreshold\" : 10,\n            \"percentPosition\": true,\n            \"pageDots\": true,\n            \"rightToLeft\": false,\n            \"draggable\": true,\n            \"selectedAttraction\": 0.1,\n            \"parallax\" : 0,\n            \"friction\": 0.6        }'\n        >\n        \n\n\t<div class=\"img has-hover x md-x lg-x y md-y lg-y\" id=\"image_591084815\">\n\t\t\t\t\t\t\t\t<div class=\"img-inner dark\" >\n\t\t\t<img loading=\"lazy\" decoding=\"async\" width=\"1020\" height=\"765\" src=\"https:\/\/intpro-handelsagentur.com\/intpro-object\/wp-content\/uploads\/2023\/08\/Echtleder_Beszugsleder_IntPro-Handelsagentur-7-1024x768.jpg\" class=\"attachment-large size-large\" alt=\"\" srcset=\"https:\/\/intpro-handelsagentur.com\/intpro-object\/wp-content\/uploads\/2023\/08\/Echtleder_Beszugsleder_IntPro-Handelsagentur-7-1024x768.jpg 1024w, https:\/\/intpro-handelsagentur.com\/intpro-object\/wp-content\/uploads\/2023\/08\/Echtleder_Beszugsleder_IntPro-Handelsagentur-7-300x225.jpg 300w, https:\/\/intpro-handelsagentur.com\/intpro-object\/wp-content\/uploads\/2023\/08\/Echtleder_Beszugsleder_IntPro-Handelsagentur-7-768x576.jpg 768w, https:\/\/intpro-handelsagentur.com\/intpro-object\/wp-content\/uploads\/2023\/08\/Echtleder_Beszugsleder_IntPro-Handelsagentur-7-1536x1152.jpg 1536w, https:\/\/intpro-handelsagentur.com\/intpro-object\/wp-content\/uploads\/2023\/08\/Echtleder_Beszugsleder_IntPro-Handelsagentur-7-2048x1536.jpg 2048w\" sizes=\"auto, (max-width: 1020px) 100vw, 1020px\" \/>\t\t\t\t\t\t\n\t\t\t\t\t<\/div>\n\t\t\t\t\t\t\t\t\n<style>\n#image_591084815 {\n  width: 100%;\n}\n<\/style>\n\t<\/div>\n\t\n\n\t<div class=\"img has-hover x md-x lg-x y md-y lg-y\" id=\"image_2066276836\">\n\t\t\t\t\t\t\t\t<div class=\"img-inner dark\" >\n\t\t\t<img loading=\"lazy\" decoding=\"async\" width=\"1020\" height=\"765\" src=\"https:\/\/intpro-handelsagentur.com\/intpro-object\/wp-content\/uploads\/2023\/08\/Echtleder_Beszugsleder_IntPro-Handelsagentur-8-1024x768.jpg\" class=\"attachment-large size-large\" alt=\"\" srcset=\"https:\/\/intpro-handelsagentur.com\/intpro-object\/wp-content\/uploads\/2023\/08\/Echtleder_Beszugsleder_IntPro-Handelsagentur-8-1024x768.jpg 1024w, https:\/\/intpro-handelsagentur.com\/intpro-object\/wp-content\/uploads\/2023\/08\/Echtleder_Beszugsleder_IntPro-Handelsagentur-8-300x225.jpg 300w, https:\/\/intpro-handelsagentur.com\/intpro-object\/wp-content\/uploads\/2023\/08\/Echtleder_Beszugsleder_IntPro-Handelsagentur-8-768x576.jpg 768w, https:\/\/intpro-handelsagentur.com\/intpro-object\/wp-content\/uploads\/2023\/08\/Echtleder_Beszugsleder_IntPro-Handelsagentur-8-1536x1152.jpg 1536w, https:\/\/intpro-handelsagentur.com\/intpro-object\/wp-content\/uploads\/2023\/08\/Echtleder_Beszugsleder_IntPro-Handelsagentur-8-2048x1536.jpg 2048w\" sizes=\"auto, (max-width: 1020px) 100vw, 1020px\" \/>\t\t\t\t\t\t\n\t\t\t\t\t<\/div>\n\t\t\t\t\t\t\t\t\n<style>\n#image_2066276836 {\n  width: 100%;\n}\n<\/style>\n\t<\/div>\n\t\n\n\t<div class=\"img has-hover x md-x lg-x y md-y lg-y\" id=\"image_557374999\">\n\t\t\t\t\t\t\t\t<div class=\"img-inner dark\" >\n\t\t\t<img loading=\"lazy\" decoding=\"async\" width=\"768\" height=\"1024\" src=\"https:\/\/intpro-handelsagentur.com\/intpro-object\/wp-content\/uploads\/2023\/08\/Echtleder_Beszugsleder_IntPro-Handelsagentur-4-768x1024.jpg\" class=\"attachment-large size-large\" alt=\"\" srcset=\"https:\/\/intpro-handelsagentur.com\/intpro-object\/wp-content\/uploads\/2023\/08\/Echtleder_Beszugsleder_IntPro-Handelsagentur-4-768x1024.jpg 768w, https:\/\/intpro-handelsagentur.com\/intpro-object\/wp-content\/uploads\/2023\/08\/Echtleder_Beszugsleder_IntPro-Handelsagentur-4-225x300.jpg 225w, https:\/\/intpro-handelsagentur.com\/intpro-object\/wp-content\/uploads\/2023\/08\/Echtleder_Beszugsleder_IntPro-Handelsagentur-4-1152x1536.jpg 1152w, https:\/\/intpro-handelsagentur.com\/intpro-object\/wp-content\/uploads\/2023\/08\/Echtleder_Beszugsleder_IntPro-Handelsagentur-4-1536x2048.jpg 1536w, https:\/\/intpro-handelsagentur.com\/intpro-object\/wp-content\/uploads\/2023\/08\/Echtleder_Beszugsleder_IntPro-Handelsagentur-4-scaled.jpg 1920w\" sizes=\"auto, (max-width: 768px) 100vw, 768px\" \/>\t\t\t\t\t\t\n\t\t\t\t\t<\/div>\n\t\t\t\t\t\t\t\t\n<style>\n#image_557374999 {\n  width: 100%;\n}\n<\/style>\n\t<\/div>\n\t\n\n\n     <\/div>\n\n     <div class=\"loading-spin dark large centered\"><\/div>\n\n\t<\/div>\n\n\n\n\t\t<\/div>\n\t\t\t\t\t<\/div>\n\n\t\n\n\t<div id=\"col-135214179\" class=\"col medium-12 small-12 large-8\"  >\n\t\t\t\t<div class=\"col-inner\"  >\n\t\t\t\n\t\t\t\n\n<div class=\"et_pb_module et_pb_text et_pb_text_2  et_pb_text_align_left et_pb_bg_layout_dark\">\n<div class=\"et_pb_text_inner\">\n<h1><span style=\"color: #12d0c7;\">Echt-, Bezugs- &amp; Objektleder<\/span><\/h1>\n<\/div>\n<\/div>\n<div class=\"et_pb_module et_pb_text et_pb_text_3  et_pb_text_align_left et_pb_bg_layout_dark\">\n<div class=\"et_pb_text_inner\">\n<p><span style=\"color: #ffffff;\">Unsere Kollektion aus Echt- und Objektleder bietet eine vielf\u00e4ltige Auswahl an hochwertigen Materialien, die den h\u00f6chsten Standards entsprechen. Echtes Leder zeichnet sich durch seine nat\u00fcrliche Sch\u00f6nheit, Weichheit und Flexibilit\u00e4t aus. Jedes St\u00fcck ist einzigartig und erz\u00e4hlt eine eigene Geschichte, da das Leder im Laufe der Zeit an Charakter gewinnt und eine wundersch\u00f6ne Patina entwickelt. Das angenehme Gef\u00fchl von echtem Leder auf der Haut und seine unvergleichliche Haptik machen jedes Produkt zu einem Luxuserlebnis.<\/span><\/p>\n<p><span style=\"color: #ffffff;\">Unsere Produkte aus Echt- und Objektleder umfassen eine vielf\u00e4ltige Auswahl f\u00fcr M\u00f6bel, Projekte und Objekte.<\/span><\/p>\n<p><span style=\"color: #ffffff;\">Wir legen gr\u00f6\u00dften Wert auf die Auswahl und Verarbeitung unserer Lederprodukte. Unsere erfahrenen Handwerker und Designer setzen ihr K\u00f6nnen ein, um Ihnen Produkte von h\u00f6chster Qualit\u00e4t anzubieten. Jedes Detail wird sorgf\u00e4ltig ausgearbeitet, um Ihnen ein Produkt zu liefern, das nicht nur sch\u00f6n anzusehen ist, sondern auch jahrelang Freude bereitet.<\/span><\/p>\n<p><span style=\"color: #ffffff;\">Tauchen Sie ein in die Welt von Echt- und Objektleder und erleben Sie die zeitlose Sch\u00f6nheit und den Luxus dieser einzigartigen Materialien. Entdecken Sie die unverwechselbare Kombination aus Stil, Qualit\u00e4t und Langlebigkeit und bereichern Sie mit exklusiven Produkten, die Sie noch lange begleiten werden.<\/span><\/p>\n<\/div>\n<\/div>\n\t<div id=\"text-1741768614\" class=\"text\">\n\t\t\n\n<div id=\"about\" class=\"et_pb_with_border et_pb_section et_pb_section_1 et_pb_with_background et_section_regular\">\n<div class=\"et_pb_row et_pb_row_1 et_pb_equal_columns et_pb_gutters3\">\n<div class=\"et_pb_column et_pb_column_1_2 et_pb_column_3  et_pb_css_mix_blend_mode_passthrough et-last-child\">\n<div class=\"et_pb_with_border et_pb_module et_pb_text et_pb_text_4  et_pb_text_align_left et_pb_bg_layout_dark\">\n<div class=\"et_pb_text_inner\">\n<blockquote>\n<p><span style=\"color: #ffffff;\"><strong>Einsatzgebiet:<\/strong>&nbsp;Hotellerie, Messebau, Kliniken, Marine M\u00f6bel, Ladenbau, Gastronomie, \u00f6ffentliche Einrichtungen, M\u00f6belbau, u.v.m.&nbsp;<\/span><\/p>\n<p><span style=\"color: #ffffff;\"><strong>Verwendung:<\/strong>&nbsp;Erstausstattung, Umr\u00fcstung.<\/span><\/p>\n<p><span style=\"color: #ffffff;\"><strong>Materialschutz:<\/strong>&nbsp;Knickechtheit &gt;30.000 Faltungen, Abriebfestigkeit 500.000 Zyklen (Martindale), Lichtechtheit Stufe 5, Weiterei\u00dffestigkeit 20N\/mm, Salzwasserbest\u00e4ndigkeit, Brandschutz DIN 4102 B1, IMO, u.v.m. (werden auf Anfrage zur Verf\u00fcgung gestellt).&nbsp;<\/span><\/p>\n<p><span style=\"color: #ffffff;\"><strong>Daten:<\/strong>&nbsp;St\u00e4rke ca. 1,15mm, Gr\u00f6\u00dfe ca. 5,5 qm\/Haut<\/span><\/p>\n<\/blockquote>\n<\/div>\n<\/div>\n<\/div>\n<\/div>\n<\/div>\n\t\t\n<style>\n#text-1741768614 {\n  font-size: 0.95rem;\n}\n<\/style>\n\t<\/div>\n\t\n\n\t\t<\/div>\n\t\t\t\t\t<\/div>\n\n\t\n\n<\/div>\n\t<div id=\"gap-1327965558\" class=\"gap-element clearfix\" style=\"display:block; height:auto;\">\n\t\t\n<style>\n#gap-1327965558 {\n  padding-top: 110px;\n}\n<\/style>\n\t<\/div>\n\t\n\n\n\t<section class=\"section\" id=\"section_758051709\">\n\t\t<div class=\"section-bg fill\" >\n\t\t\t<img loading=\"lazy\" decoding=\"async\" width=\"382\" height=\"298\" src=\"https:\/\/intpro-handelsagentur.com\/intpro-object\/wp-content\/uploads\/2023\/08\/Screenshot-2023-08-31-131933.png\" class=\"bg attachment- size-\" alt=\"\" \/>\t\t\t\t\t\t<div class=\"section-bg-overlay absolute fill\"><\/div>\n\t\t\t\n\n\t\t<\/div>\n\n\t\t\n\n\t\t<div class=\"section-content relative\">\n\t\t\t\n\n<div class=\"row\"  id=\"row-865476411\">\n\n\n\t<div id=\"col-463258335\" class=\"col small-12 large-12\"  >\n\t\t\t\t<div class=\"col-inner\"  >\n\t\t\t\n\t\t\t\n\n\t<div id=\"text-344470713\" class=\"text\">\n\t\t\n\n<h2><span style=\"font-size: 170%;\">Kontaktanfrage<\/span><\/h2>\n<p>\u00a0<\/p>\n<p>Offene Fragen gibt es bei uns nicht, daher stehen wir Ihnen unkompliziert zur Verf\u00fcgung:<\/p>\n<p>Unsere B\u00fcrozeiten<\/p>\n<p>Montag bis Donnerstag: von 08:30 bis 15:30 Uhr<br \/>Freitag: von 08:30 bis 12:30 Uhr<\/p>\n<p>oder pers\u00f6nlich nach Terminabstimmung.<\/p>\n\t\t\n<style>\n#text-344470713 {\n  text-align: center;\n  color: #ffffff;\n}\n#text-344470713 > * {\n  color: #ffffff;\n}\n<\/style>\n\t<\/div>\n\t\n\n\t\t<\/div>\n\t\t\t\t\t<\/div>\n\n\t\n\n<\/div>\n<div class=\"row\"  id=\"row-889052154\">\n\n\n\t<div id=\"col-196252476\" class=\"col medium-4 small-12 large-4\"  >\n\t\t\t\t<div class=\"col-inner\"  >\n\t\t\t\n\t\t\t\n\n\n\t<a class=\"plain\" href=\"mailto:info@IntPro-object.com\" >\t<div class=\"icon-box featured-box icon-box-center text-center\"  >\n\t\t\t\t\t<div class=\"icon-box-img\" style=\"width: 135px\">\n\t\t\t\t<div class=\"icon\">\n\t\t\t\t\t<div class=\"icon-inner\" >\n\t\t\t\t\t\t<img loading=\"lazy\" decoding=\"async\" width=\"300\" height=\"300\" src=\"https:\/\/intpro-handelsagentur.com\/intpro-object\/wp-content\/uploads\/2023\/09\/mail-1-300x300.png\" class=\"attachment-medium size-medium\" alt=\"\" srcset=\"https:\/\/intpro-handelsagentur.com\/intpro-object\/wp-content\/uploads\/2023\/09\/mail-1-300x300.png 300w, https:\/\/intpro-handelsagentur.com\/intpro-object\/wp-content\/uploads\/2023\/09\/mail-1-150x150.png 150w, https:\/\/intpro-handelsagentur.com\/intpro-object\/wp-content\/uploads\/2023\/09\/mail-1-768x768.png 768w, https:\/\/intpro-handelsagentur.com\/intpro-object\/wp-content\/uploads\/2023\/09\/mail-1.png 1024w\" sizes=\"auto, (max-width: 300px) 100vw, 300px\" \/>\t\t\t\t\t<\/div>\n\t\t\t\t<\/div>\n\t\t\t<\/div>\n\t\t\t\t<div class=\"icon-box-text last-reset\">\n\t\t\t\t\t\t\t\t\t\n\n\t<div id=\"text-3282131533\" class=\"text\">\n\t\t\n\n<h3>E-Mail<\/h3>\n<p>info@IntPro-object.com <\/p>\n\t\t\n<style>\n#text-3282131533 {\n  color: rgb(255,255,255);\n}\n#text-3282131533 > * {\n  color: rgb(255,255,255);\n}\n<\/style>\n\t<\/div>\n\t\n\n\t\t<\/div>\n\t<\/div>\n\t<\/a>\n\t\n\n\t\t<\/div>\n\t\t\t\t\t<\/div>\n\n\t\n\n\t<div id=\"col-86464599\" class=\"col medium-4 small-12 large-4\"  >\n\t\t\t\t<div class=\"col-inner\"  >\n\t\t\t\n\t\t\t\n\n\n\t<a class=\"plain\" href=\"tel:+4952116393053\" >\t<div class=\"icon-box featured-box icon-box-center text-center\"  >\n\t\t\t\t\t<div class=\"icon-box-img\" style=\"width: 135px\">\n\t\t\t\t<div class=\"icon\">\n\t\t\t\t\t<div class=\"icon-inner\" >\n\t\t\t\t\t\t<img loading=\"lazy\" decoding=\"async\" width=\"300\" height=\"300\" src=\"https:\/\/intpro-handelsagentur.com\/intpro-object\/wp-content\/uploads\/2023\/09\/phone-1-300x300.png\" class=\"attachment-medium size-medium\" alt=\"\" srcset=\"https:\/\/intpro-handelsagentur.com\/intpro-object\/wp-content\/uploads\/2023\/09\/phone-1-300x300.png 300w, https:\/\/intpro-handelsagentur.com\/intpro-object\/wp-content\/uploads\/2023\/09\/phone-1-150x150.png 150w, https:\/\/intpro-handelsagentur.com\/intpro-object\/wp-content\/uploads\/2023\/09\/phone-1-768x768.png 768w, https:\/\/intpro-handelsagentur.com\/intpro-object\/wp-content\/uploads\/2023\/09\/phone-1.png 1024w\" sizes=\"auto, (max-width: 300px) 100vw, 300px\" \/>\t\t\t\t\t<\/div>\n\t\t\t\t<\/div>\n\t\t\t<\/div>\n\t\t\t\t<div class=\"icon-box-text last-reset\">\n\t\t\t\t\t\t\t\t\t\n\n\t<div id=\"text-2412306975\" class=\"text\">\n\t\t\n\n<h3>Telefon<\/h3>\n<p>+49 (0) 521 1639305 3<\/p>\n\t\t\n<style>\n#text-2412306975 {\n  color: rgb(255,255,255);\n}\n#text-2412306975 > * {\n  color: rgb(255,255,255);\n}\n<\/style>\n\t<\/div>\n\t\n\n\t\t<\/div>\n\t<\/div>\n\t<\/a>\n\t\n\n\t\t<\/div>\n\t\t\t\t\t<\/div>\n\n\t\n\n\t<div id=\"col-2043867588\" class=\"col medium-4 small-12 large-4\"  >\n\t\t\t\t<div class=\"col-inner\"  >\n\t\t\t\n\t\t\t\n\n\n\t<a class=\"plain\" href=\"https:\/\/maps.app.goo.gl\/5tRfD2wAZyTFM5gC8\" target=\"_blank\" rel=\"noopener\" >\t<div class=\"icon-box featured-box icon-box-center text-center\"  >\n\t\t\t\t\t<div class=\"icon-box-img\" style=\"width: 135px\">\n\t\t\t\t<div class=\"icon\">\n\t\t\t\t\t<div class=\"icon-inner\" >\n\t\t\t\t\t\t<img loading=\"lazy\" decoding=\"async\" width=\"300\" height=\"300\" src=\"https:\/\/intpro-handelsagentur.com\/intpro-object\/wp-content\/uploads\/2023\/09\/hotel-1-300x300.png\" class=\"attachment-medium size-medium\" alt=\"\" srcset=\"https:\/\/intpro-handelsagentur.com\/intpro-object\/wp-content\/uploads\/2023\/09\/hotel-1-300x300.png 300w, https:\/\/intpro-handelsagentur.com\/intpro-object\/wp-content\/uploads\/2023\/09\/hotel-1-150x150.png 150w, https:\/\/intpro-handelsagentur.com\/intpro-object\/wp-content\/uploads\/2023\/09\/hotel-1-768x768.png 768w, https:\/\/intpro-handelsagentur.com\/intpro-object\/wp-content\/uploads\/2023\/09\/hotel-1.png 1024w\" sizes=\"auto, (max-width: 300px) 100vw, 300px\" \/>\t\t\t\t\t<\/div>\n\t\t\t\t<\/div>\n\t\t\t<\/div>\n\t\t\t\t<div class=\"icon-box-text last-reset\">\n\t\t\t\t\t\t\t\t\t\n\n\t<div id=\"text-3550491955\" class=\"text\">\n\t\t\n\n<h3>B\u00fcro<\/h3>\n<p>B\u00f6ttcherstr.7 <br \/>\nDE-33609 Bielefeld<\/p>\n\t\t\n<style>\n#text-3550491955 {\n  color: rgb(255,255,255);\n}\n#text-3550491955 > * {\n  color: rgb(255,255,255);\n}\n<\/style>\n\t<\/div>\n\t\n\n\t\t<\/div>\n\t<\/div>\n\t<\/a>\n\t\n\n\t\t<\/div>\n\t\t\t\t\t<\/div>\n\n\t\n\n<\/div>\n\n\n\t\t<\/div>\n\n\t\t\n<style>\n#section_758051709 {\n  padding-top: 30px;\n  padding-bottom: 30px;\n}\n#section_758051709 .section-bg-overlay {\n  background-color: rgba(0, 0, 0, 0.855);\n}\n#section_758051709 .section-bg img {\n  object-position: 100% 0%;\n}\n<\/style>\n\t<\/section>\n\t\n\n\n\t\t<\/div>\n\n\t\t\n<style>\n#section_804921498 {\n  padding-top: 30px;\n  padding-bottom: 30px;\n  background-color: rgb(0,0,0);\n}\n<\/style>\n\t<\/section>\n\t\n\n","protected":false},"excerpt":{"rendered":"","protected":false},"author":1,"featured_media":0,"parent":0,"menu_order":0,"comment_status":"closed","ping_status":"closed","template":"page-blank.php","meta":{"footnotes":""},"class_list":["post-2011","page","type-page","status-publish","hentry"],"yoast_head":"<!-- This site is optimized with the Yoast SEO plugin v27.1.1 - https:\/\/yoast.com\/product\/yoast-seo-wordpress\/ -->\n<title>Echtleder - Intpro Object<\/title>\n<meta name=\"description\" content=\"Unsere Vision ist Ihre Chance. Die Agentur in OWL f\u00fcr moderne, preiswerte und responsive Websites.\" \/>\n<meta name=\"robots\" content=\"index, follow, max-snippet:-1, max-image-preview:large, max-video-preview:-1\" \/>\n<link rel=\"canonical\" href=\"https:\/\/intpro-handelsagentur.com\/intpro-object\/echtleder\/\" \/>\n<meta property=\"og:locale\" content=\"de_DE\" \/>\n<meta property=\"og:type\" content=\"article\" \/>\n<meta property=\"og:title\" content=\"Echtleder - Intpro Object\" \/>\n<meta property=\"og:description\" content=\"Unsere Vision ist Ihre Chance. Die Agentur in OWL f\u00fcr moderne, preiswerte und responsive Websites.\" \/>\n<meta property=\"og:url\" content=\"https:\/\/intpro-handelsagentur.com\/intpro-object\/echtleder\/\" \/>\n<meta property=\"og:site_name\" content=\"Intpro Object\" \/>\n<meta property=\"article:modified_time\" content=\"2023-10-05T10:28:54+00:00\" \/>\n<meta name=\"twitter:card\" content=\"summary_large_image\" \/>\n<meta name=\"twitter:label1\" content=\"Gesch\u00e4tzte Lesezeit\" \/>\n\t<meta name=\"twitter:data1\" content=\"2\u00a0Minuten\" \/>\n<script type=\"application\/ld+json\" class=\"yoast-schema-graph\">{\"@context\":\"https:\/\/schema.org\",\"@graph\":[{\"@type\":\"WebPage\",\"@id\":\"https:\/\/intpro-handelsagentur.com\/intpro-object\/echtleder\/\",\"url\":\"https:\/\/intpro-handelsagentur.com\/intpro-object\/echtleder\/\",\"name\":\"Echtleder - Intpro Object\",\"isPartOf\":{\"@id\":\"https:\/\/intpro-handelsagentur.com\/intpro-object\/#website\"},\"datePublished\":\"2023-08-31T13:37:48+00:00\",\"dateModified\":\"2023-10-05T10:28:54+00:00\",\"description\":\"Unsere Vision ist Ihre Chance. Die Agentur in OWL f\u00fcr moderne, preiswerte und responsive Websites.\",\"breadcrumb\":{\"@id\":\"https:\/\/intpro-handelsagentur.com\/intpro-object\/echtleder\/#breadcrumb\"},\"inLanguage\":\"de\",\"potentialAction\":[{\"@type\":\"ReadAction\",\"target\":[\"https:\/\/intpro-handelsagentur.com\/intpro-object\/echtleder\/\"]}]},{\"@type\":\"BreadcrumbList\",\"@id\":\"https:\/\/intpro-handelsagentur.com\/intpro-object\/echtleder\/#breadcrumb\",\"itemListElement\":[{\"@type\":\"ListItem\",\"position\":1,\"name\":\"Startseite\",\"item\":\"https:\/\/intpro-handelsagentur.com\/intpro-object\/\"},{\"@type\":\"ListItem\",\"position\":2,\"name\":\"Echtleder\"}]},{\"@type\":\"WebSite\",\"@id\":\"https:\/\/intpro-handelsagentur.com\/intpro-object\/#website\",\"url\":\"https:\/\/intpro-handelsagentur.com\/intpro-object\/\",\"name\":\"Intpro Object\",\"description\":\"\",\"potentialAction\":[{\"@type\":\"SearchAction\",\"target\":{\"@type\":\"EntryPoint\",\"urlTemplate\":\"https:\/\/intpro-handelsagentur.com\/intpro-object\/?s={search_term_string}\"},\"query-input\":{\"@type\":\"PropertyValueSpecification\",\"valueRequired\":true,\"valueName\":\"search_term_string\"}}],\"inLanguage\":\"de\"}]}<\/script>\n<!-- \/ Yoast SEO plugin. -->","yoast_head_json":{"title":"Echtleder - Intpro Object","description":"Unsere Vision ist Ihre Chance. Die Agentur in OWL f\u00fcr moderne, preiswerte und responsive Websites.","robots":{"index":"index","follow":"follow","max-snippet":"max-snippet:-1","max-image-preview":"max-image-preview:large","max-video-preview":"max-video-preview:-1"},"canonical":"https:\/\/intpro-handelsagentur.com\/intpro-object\/echtleder\/","og_locale":"de_DE","og_type":"article","og_title":"Echtleder - Intpro Object","og_description":"Unsere Vision ist Ihre Chance. Die Agentur in OWL f\u00fcr moderne, preiswerte und responsive Websites.","og_url":"https:\/\/intpro-handelsagentur.com\/intpro-object\/echtleder\/","og_site_name":"Intpro Object","article_modified_time":"2023-10-05T10:28:54+00:00","twitter_card":"summary_large_image","twitter_misc":{"Gesch\u00e4tzte Lesezeit":"2\u00a0Minuten"},"schema":{"@context":"https:\/\/schema.org","@graph":[{"@type":"WebPage","@id":"https:\/\/intpro-handelsagentur.com\/intpro-object\/echtleder\/","url":"https:\/\/intpro-handelsagentur.com\/intpro-object\/echtleder\/","name":"Echtleder - Intpro Object","isPartOf":{"@id":"https:\/\/intpro-handelsagentur.com\/intpro-object\/#website"},"datePublished":"2023-08-31T13:37:48+00:00","dateModified":"2023-10-05T10:28:54+00:00","description":"Unsere Vision ist Ihre Chance. Die Agentur in OWL f\u00fcr moderne, preiswerte und responsive Websites.","breadcrumb":{"@id":"https:\/\/intpro-handelsagentur.com\/intpro-object\/echtleder\/#breadcrumb"},"inLanguage":"de","potentialAction":[{"@type":"ReadAction","target":["https:\/\/intpro-handelsagentur.com\/intpro-object\/echtleder\/"]}]},{"@type":"BreadcrumbList","@id":"https:\/\/intpro-handelsagentur.com\/intpro-object\/echtleder\/#breadcrumb","itemListElement":[{"@type":"ListItem","position":1,"name":"Startseite","item":"https:\/\/intpro-handelsagentur.com\/intpro-object\/"},{"@type":"ListItem","position":2,"name":"Echtleder"}]},{"@type":"WebSite","@id":"https:\/\/intpro-handelsagentur.com\/intpro-object\/#website","url":"https:\/\/intpro-handelsagentur.com\/intpro-object\/","name":"Intpro Object","description":"","potentialAction":[{"@type":"SearchAction","target":{"@type":"EntryPoint","urlTemplate":"https:\/\/intpro-handelsagentur.com\/intpro-object\/?s={search_term_string}"},"query-input":{"@type":"PropertyValueSpecification","valueRequired":true,"valueName":"search_term_string"}}],"inLanguage":"de"}]}},"_links":{"self":[{"href":"https:\/\/intpro-handelsagentur.com\/intpro-object\/wp-json\/wp\/v2\/pages\/2011","targetHints":{"allow":["GET"]}}],"collection":[{"href":"https:\/\/intpro-handelsagentur.com\/intpro-object\/wp-json\/wp\/v2\/pages"}],"about":[{"href":"https:\/\/intpro-handelsagentur.com\/intpro-object\/wp-json\/wp\/v2\/types\/page"}],"author":[{"embeddable":true,"href":"https:\/\/intpro-handelsagentur.com\/intpro-object\/wp-json\/wp\/v2\/users\/1"}],"replies":[{"embeddable":true,"href":"https:\/\/intpro-handelsagentur.com\/intpro-object\/wp-json\/wp\/v2\/comments?post=2011"}],"version-history":[{"count":10,"href":"https:\/\/intpro-handelsagentur.com\/intpro-object\/wp-json\/wp\/v2\/pages\/2011\/revisions"}],"predecessor-version":[{"id":2258,"href":"https:\/\/intpro-handelsagentur.com\/intpro-object\/wp-json\/wp\/v2\/pages\/2011\/revisions\/2258"}],"wp:attachment":[{"href":"https:\/\/intpro-handelsagentur.com\/intpro-object\/wp-json\/wp\/v2\/media?parent=2011"}],"curies":[{"name":"wp","href":"https:\/\/api.w.org\/{rel}","templated":true}]}}