{"id":1980,"date":"2023-08-31T15:21:17","date_gmt":"2023-08-31T13:21:17","guid":{"rendered":"http:\/\/intpro-handelsagentur.com\/intpro-object\/?page_id=1980"},"modified":"2023-10-05T12:28:42","modified_gmt":"2023-10-05T10:28:42","slug":"puzzleteppiche","status":"publish","type":"page","link":"https:\/\/intpro-handelsagentur.com\/intpro-object\/puzzleteppiche\/","title":{"rendered":"Puzzleteppiche"},"content":{"rendered":"\n\n\t<section class=\"section\" id=\"section_2137314918\">\n\t\t<div class=\"section-bg fill\" >\n\t\t\t\t\t\t\t\t\t<button class=\"scroll-for-more z-5 icon absolute bottom h-center\" aria-label=\"Scrollen f\u00fcr mehr\"><i class=\"icon-angle-down\" style=\"font-size:42px;\" ><\/i><\/button>\n\t\t\t\n\n\t\t<\/div>\n\n\t\t\n\n\t\t<div class=\"section-content relative\">\n\t\t\t\n\n<div class=\"row row-full-width\"  id=\"row-607193988\">\n\n\n\t<div id=\"col-524250392\" class=\"col medium-12 small-12 large-6\"  >\n\t\t\t\t<div class=\"col-inner text-left\"  >\n\t\t\t\n\t\t\t\n\n\t<div id=\"text-4123720721\" class=\"text\">\n\t\t\n\n<h3><span style=\"color: #ffffff;\">PRODUKTE<\/span><\/h3>\n\t\t\n<style>\n#text-4123720721 {\n  font-size: 1.3rem;\n}\n<\/style>\n\t<\/div>\n\t\n<div class=\"is-divider divider clearfix\" style=\"max-width:241px;background-color:rgb(18, 208, 199);\"><\/div>\n\n\t<div id=\"text-3694416877\" class=\"text\">\n\t\t\n\n<h1><span style=\"color: #ffffff;\">Puzzleteppiche<\/span><\/h1>\n\t\t\n<style>\n#text-3694416877 {\n  font-size: 2.3rem;\n}\n<\/style>\n\t<\/div>\n\t\n\n\t\t<\/div>\n\t\t\t\t\n<style>\n#col-524250392 > .col-inner {\n  margin: 0px 0px 0 0px;\n}\n@media (min-width:550px) {\n  #col-524250392 > .col-inner {\n    margin: 0 0px 0px 0px;\n  }\n}\n@media (min-width:850px) {\n  #col-524250392 > .col-inner {\n    margin: 200px 0px 200px 0px;\n  }\n}\n<\/style>\n\t<\/div>\n\n\t\n\n\t<div id=\"col-912703248\" class=\"col hide-for-medium medium-6 small-12 large-6\"  >\n\t\t\t\t<div class=\"col-inner text-right\"  >\n\t\t\t\n\t\t\t\n\n\t<div class=\"img has-hover x md-x lg-x y md-y lg-y\" id=\"image_138818828\">\n\t\t\t\t\t\t\t\t<div class=\"img-inner dark\" >\n\t\t\t<img loading=\"lazy\" decoding=\"async\" width=\"381\" height=\"293\" src=\"https:\/\/intpro-handelsagentur.com\/intpro-object\/wp-content\/uploads\/2023\/08\/Screenshot-2023-08-31-131041.png\" class=\"attachment-original size-original\" alt=\"\" srcset=\"https:\/\/intpro-handelsagentur.com\/intpro-object\/wp-content\/uploads\/2023\/08\/Screenshot-2023-08-31-131041.png 381w, https:\/\/intpro-handelsagentur.com\/intpro-object\/wp-content\/uploads\/2023\/08\/Screenshot-2023-08-31-131041-300x231.png 300w\" sizes=\"auto, (max-width: 381px) 100vw, 381px\" \/>\t\t\t\t\t\t\n\t\t\t\t\t<\/div>\n\t\t\t\t\t\t\t\t\n<style>\n#image_138818828 {\n  width: 100%;\n}\n<\/style>\n\t<\/div>\n\t\n\n\n\t\t<\/div>\n\t\t\t\t\t<\/div>\n\n\t\n\n<\/div>\n\n\t\t<\/div>\n\n\t\t\n<style>\n#section_2137314918 {\n  padding-top: 30px;\n  padding-bottom: 30px;\n  background-color: rgb(0,0,0);\n}\n<\/style>\n\t<\/section>\n\t\n\n\t<section class=\"section\" id=\"section_217964538\">\n\t\t<div class=\"section-bg fill\" >\n\t\t\t\t\t\t\t\t\t\n\t\t\t\n\n\t\t<\/div>\n\n\t\t\n\n\t\t<div class=\"section-content relative\">\n\t\t\t\n\n<div class=\"row row-full-width\"  id=\"row-15318819\">\n\n\n\t<div id=\"col-1890719279\" class=\"col medium-12 small-12 large-4\"  >\n\t\t\t\t<div class=\"col-inner\"  >\n\t\t\t\n\t\t\t\n\n<div class=\"slider-wrapper relative\" id=\"slider-623350669\" >\n    <div class=\"slider slider-nav-circle slider-nav-large slider-nav-dark slider-style-normal slider-show-nav\"\n        data-flickity-options='{\n            \"cellAlign\": \"center\",\n            \"imagesLoaded\": true,\n            \"lazyLoad\": 1,\n            \"freeScroll\": false,\n            \"wrapAround\": true,\n            \"autoPlay\": 3000,\n            \"pauseAutoPlayOnHover\" : true,\n            \"prevNextButtons\": true,\n            \"contain\" : true,\n            \"adaptiveHeight\" : true,\n            \"dragThreshold\" : 10,\n            \"percentPosition\": true,\n            \"pageDots\": true,\n            \"rightToLeft\": false,\n            \"draggable\": true,\n            \"selectedAttraction\": 0.1,\n            \"parallax\" : 0,\n            \"friction\": 0.6        }'\n        >\n        \n\n\t<div class=\"img has-hover x md-x lg-x y md-y lg-y\" id=\"image_987858388\">\n\t\t\t\t\t\t\t\t<div class=\"img-inner dark\" >\n\t\t\t<img loading=\"lazy\" decoding=\"async\" width=\"591\" height=\"397\" src=\"https:\/\/intpro-handelsagentur.com\/intpro-object\/wp-content\/uploads\/2023\/08\/Screenshot-2023-08-31-151935.png\" class=\"attachment-large size-large\" alt=\"\" srcset=\"https:\/\/intpro-handelsagentur.com\/intpro-object\/wp-content\/uploads\/2023\/08\/Screenshot-2023-08-31-151935.png 591w, https:\/\/intpro-handelsagentur.com\/intpro-object\/wp-content\/uploads\/2023\/08\/Screenshot-2023-08-31-151935-300x202.png 300w\" sizes=\"auto, (max-width: 591px) 100vw, 591px\" \/>\t\t\t\t\t\t\n\t\t\t\t\t<\/div>\n\t\t\t\t\t\t\t\t\n<style>\n#image_987858388 {\n  width: 100%;\n}\n<\/style>\n\t<\/div>\n\t\n\n\t<div class=\"img has-hover x md-x lg-x y md-y lg-y\" id=\"image_736322852\">\n\t\t\t\t\t\t\t\t<div class=\"img-inner dark\" >\n\t\t\t<img loading=\"lazy\" decoding=\"async\" width=\"597\" height=\"195\" src=\"https:\/\/intpro-handelsagentur.com\/intpro-object\/wp-content\/uploads\/2023\/08\/Screenshot-2023-08-31-151951.png\" class=\"attachment-large size-large\" alt=\"\" srcset=\"https:\/\/intpro-handelsagentur.com\/intpro-object\/wp-content\/uploads\/2023\/08\/Screenshot-2023-08-31-151951.png 597w, https:\/\/intpro-handelsagentur.com\/intpro-object\/wp-content\/uploads\/2023\/08\/Screenshot-2023-08-31-151951-300x98.png 300w\" sizes=\"auto, (max-width: 597px) 100vw, 597px\" \/>\t\t\t\t\t\t\n\t\t\t\t\t<\/div>\n\t\t\t\t\t\t\t\t\n<style>\n#image_736322852 {\n  width: 100%;\n}\n<\/style>\n\t<\/div>\n\t\n\n\t<div class=\"img has-hover x md-x lg-x y md-y lg-y\" id=\"image_2013307147\">\n\t\t\t\t\t\t\t\t<div class=\"img-inner dark\" >\n\t\t\t<img loading=\"lazy\" decoding=\"async\" width=\"593\" height=\"333\" src=\"https:\/\/intpro-handelsagentur.com\/intpro-object\/wp-content\/uploads\/2023\/08\/Screenshot-2023-08-31-151858.png\" class=\"attachment-large size-large\" alt=\"\" srcset=\"https:\/\/intpro-handelsagentur.com\/intpro-object\/wp-content\/uploads\/2023\/08\/Screenshot-2023-08-31-151858.png 593w, https:\/\/intpro-handelsagentur.com\/intpro-object\/wp-content\/uploads\/2023\/08\/Screenshot-2023-08-31-151858-300x168.png 300w\" sizes=\"auto, (max-width: 593px) 100vw, 593px\" \/>\t\t\t\t\t\t\n\t\t\t\t\t<\/div>\n\t\t\t\t\t\t\t\t\n<style>\n#image_2013307147 {\n  width: 100%;\n}\n<\/style>\n\t<\/div>\n\t\n\n\n     <\/div>\n\n     <div class=\"loading-spin dark large centered\"><\/div>\n\n\t<\/div>\n\n\n\n\t\t<\/div>\n\t\t\t\t\t<\/div>\n\n\t\n\n\t<div id=\"col-1365503596\" class=\"col medium-12 small-12 large-8\"  >\n\t\t\t\t<div class=\"col-inner\"  >\n\t\t\t\n\t\t\t\n\n<div class=\"et_pb_module et_pb_text et_pb_text_2  et_pb_text_align_left et_pb_bg_layout_dark\">\n<div class=\"et_pb_text_inner\">\n<h1><span style=\"color: #12d0c7;\">Puzzleteppiche<\/span><\/h1>\n<\/div>\n<\/div>\n<div class=\"et_pb_module et_pb_text et_pb_text_3  et_pb_text_align_left et_pb_bg_layout_dark\">\n<div class=\"et_pb_text_inner\">\n<p><span style=\"color: #ffffff;\">Unsere Teppichfliesen sind aus hochwertigen Materialien gefertigt, die eine optimale Haltbarkeit und Strapazierf\u00e4higkeit gew\u00e4hrleisten. Jede Fliese ist in einer speziellen Puzzleform gestaltet und kann nahtlos mit den anderen Fliesen verbunden werden, um einen stabilen und sicheren Bodenbelag zu schaffen. Egal, ob Sie einen kleinen Bereich oder den gesamten Raum abdecken m\u00f6chten \u2013 unsere Teppichfliesen passen sich Ihren Bed\u00fcrfnissen an.<\/span><\/p>\n<p><span style=\"color: #ffffff;\">Die Puzzleform der Fliesen erm\u00f6glicht nicht nur eine einfache Installation, sondern auch eine endlose Vielfalt an Gestaltungsm\u00f6glichkeiten. Lassen Sie Ihrer Kreativit\u00e4t freien Lauf und gestalten Sie den Bodenbelag nach Ihren Vorstellungen. Sie k\u00f6nnen verschiedene Muster kombinieren oder ein einheitliches Design erstellen \u2013 die Wahl liegt ganz bei Ihnen.<\/span><\/p>\n<p><span style=\"color: #ffffff;\">Unsere Teppichfliesen in Puzzleform sind nicht nur ein Blickfang, sondern auch \u00e4u\u00dferst praktisch. Sie sind leicht zu reinigen und pflegeleicht, sodass Sie sich keine Sorgen um Flecken oder Verschmutzungen machen m\u00fcssen. Dar\u00fcber hinaus bieten sie eine angenehme D\u00e4mpfung und Isolierung, um Ihren Raum komfortabler zu gestalten.<\/span><\/p>\n<p><span style=\"color: #ffffff;\">Egal, ob in Arbeitsr\u00e4ume, Schulen, B\u00fcros oder Wohnr\u00e4umen \u2013 unsere Teppichfliesen in Puzzleform bringen Spa\u00df und Funktionalit\u00e4t in jeden Raum. Entdecken Sie die vielseitigen M\u00f6glichkeiten und verwandeln Sie Ihren Boden in ein interaktives Kunstwerk.<\/span><\/p>\n<\/div>\n<\/div>\n\t<div id=\"text-4160573554\" class=\"text\">\n\t\t\n\n<div id=\"about\" class=\"et_pb_with_border et_pb_section et_pb_section_1 et_pb_with_background et_section_regular\">\n<div class=\"et_pb_row et_pb_row_1 et_pb_equal_columns et_pb_gutters3\">\n<div class=\"et_pb_column et_pb_column_1_2 et_pb_column_3  et_pb_css_mix_blend_mode_passthrough et-last-child\">\n<div class=\"et_pb_with_border et_pb_module et_pb_text et_pb_text_4  et_pb_text_align_left et_pb_bg_layout_dark\">\n<div class=\"et_pb_text_inner\">\n<blockquote>\n<p><span style=\"color: #ffffff;\"><strong>Einsatzgebiet:<\/strong>&nbsp;Gruppenr\u00e4ume, Messebau, Ladeneinrichtung, Eventveranstaltungen, Zeltverleih, Keller, B\u00fcror\u00e4umlichkeiten, Hallen.&nbsp;&nbsp;&nbsp;<\/span><\/p>\n<p><span style=\"color: #ffffff;\"><strong>Verwendung:<\/strong>&nbsp;Langfristiges Verlegen, flexibler Auf- und Abbau.<\/span><\/p>\n<p><span style=\"color: #ffffff;\"><strong>Materialschutz:<\/strong>&nbsp;Schwerentflammbar, Beanspruchung gewerblich stark (33), Trittschalld\u00e4mmung 29db VM, W\u00e4rmedurchlasswiderstand &lt;17 qm K\/W, Elektrostatisches Verhalten &lt;2 kV, u.v.m. (werden auf Anfrage zur Verf\u00fcgung gestellt).<\/span><\/p>\n<p><span style=\"color: #ffffff;\"><strong>Daten:<\/strong>&nbsp;Gewicht ca. 2850gr. \/qm, St\u00e4rke ca. 9,5mm, Ma\u00dfe ca. 90 x 41cm.&nbsp;<\/span><\/p>\n<\/blockquote>\n<\/div>\n<\/div>\n<\/div>\n<\/div>\n<\/div>\n\t\t\n<style>\n#text-4160573554 {\n  font-size: 0.95rem;\n}\n<\/style>\n\t<\/div>\n\t\n\n\t\t<\/div>\n\t\t\t\t\t<\/div>\n\n\t\n\n<\/div>\n\t<div id=\"gap-1185615518\" class=\"gap-element clearfix\" style=\"display:block; height:auto;\">\n\t\t\n<style>\n#gap-1185615518 {\n  padding-top: 110px;\n}\n<\/style>\n\t<\/div>\n\t\n\n\n\t<section class=\"section\" id=\"section_755787157\">\n\t\t<div class=\"section-bg fill\" >\n\t\t\t<img loading=\"lazy\" decoding=\"async\" width=\"382\" height=\"298\" src=\"https:\/\/intpro-handelsagentur.com\/intpro-object\/wp-content\/uploads\/2023\/08\/Screenshot-2023-08-31-131933.png\" class=\"bg attachment- size-\" alt=\"\" \/>\t\t\t\t\t\t<div class=\"section-bg-overlay absolute fill\"><\/div>\n\t\t\t\n\n\t\t<\/div>\n\n\t\t\n\n\t\t<div class=\"section-content relative\">\n\t\t\t\n\n<div class=\"row\"  id=\"row-1633541167\">\n\n\n\t<div id=\"col-262468512\" class=\"col small-12 large-12\"  >\n\t\t\t\t<div class=\"col-inner\"  >\n\t\t\t\n\t\t\t\n\n\t<div id=\"text-1822660825\" class=\"text\">\n\t\t\n\n<h2><span style=\"font-size: 170%;\">Kontaktanfrage<\/span><\/h2>\n<p>\u00a0<\/p>\n<p>Offene Fragen gibt es bei uns nicht, daher stehen wir Ihnen unkompliziert zur Verf\u00fcgung:<\/p>\n<p>Unsere B\u00fcrozeiten<\/p>\n<p>Montag bis Donnerstag: von 08:30 bis 15:30 Uhr<br \/>Freitag: von 08:30 bis 12:30 Uhr<\/p>\n<p>oder pers\u00f6nlich nach Terminabstimmung.<\/p>\n\t\t\n<style>\n#text-1822660825 {\n  text-align: center;\n  color: #ffffff;\n}\n#text-1822660825 > * {\n  color: #ffffff;\n}\n<\/style>\n\t<\/div>\n\t\n\n\t\t<\/div>\n\t\t\t\t\t<\/div>\n\n\t\n\n<\/div>\n<div class=\"row\"  id=\"row-1984502402\">\n\n\n\t<div id=\"col-1912123940\" class=\"col medium-4 small-12 large-4\"  >\n\t\t\t\t<div class=\"col-inner\"  >\n\t\t\t\n\t\t\t\n\n\n\t<a class=\"plain\" href=\"mailto:info@IntPro-object.com\" >\t<div class=\"icon-box featured-box icon-box-center text-center\"  >\n\t\t\t\t\t<div class=\"icon-box-img\" style=\"width: 135px\">\n\t\t\t\t<div class=\"icon\">\n\t\t\t\t\t<div class=\"icon-inner\" >\n\t\t\t\t\t\t<img loading=\"lazy\" decoding=\"async\" width=\"300\" height=\"300\" src=\"https:\/\/intpro-handelsagentur.com\/intpro-object\/wp-content\/uploads\/2023\/09\/mail-1-300x300.png\" class=\"attachment-medium size-medium\" alt=\"\" srcset=\"https:\/\/intpro-handelsagentur.com\/intpro-object\/wp-content\/uploads\/2023\/09\/mail-1-300x300.png 300w, https:\/\/intpro-handelsagentur.com\/intpro-object\/wp-content\/uploads\/2023\/09\/mail-1-150x150.png 150w, https:\/\/intpro-handelsagentur.com\/intpro-object\/wp-content\/uploads\/2023\/09\/mail-1-768x768.png 768w, https:\/\/intpro-handelsagentur.com\/intpro-object\/wp-content\/uploads\/2023\/09\/mail-1.png 1024w\" sizes=\"auto, (max-width: 300px) 100vw, 300px\" \/>\t\t\t\t\t<\/div>\n\t\t\t\t<\/div>\n\t\t\t<\/div>\n\t\t\t\t<div class=\"icon-box-text last-reset\">\n\t\t\t\t\t\t\t\t\t\n\n\t<div id=\"text-738162210\" class=\"text\">\n\t\t\n\n<h3>E-Mail<\/h3>\n<p>info@IntPro-object.com <\/p>\n\t\t\n<style>\n#text-738162210 {\n  color: rgb(255,255,255);\n}\n#text-738162210 > * {\n  color: rgb(255,255,255);\n}\n<\/style>\n\t<\/div>\n\t\n\n\t\t<\/div>\n\t<\/div>\n\t<\/a>\n\t\n\n\t\t<\/div>\n\t\t\t\t\t<\/div>\n\n\t\n\n\t<div id=\"col-1582184942\" class=\"col medium-4 small-12 large-4\"  >\n\t\t\t\t<div class=\"col-inner\"  >\n\t\t\t\n\t\t\t\n\n\n\t<a class=\"plain\" href=\"tel:+4952116393053\" >\t<div class=\"icon-box featured-box icon-box-center text-center\"  >\n\t\t\t\t\t<div class=\"icon-box-img\" style=\"width: 135px\">\n\t\t\t\t<div class=\"icon\">\n\t\t\t\t\t<div class=\"icon-inner\" >\n\t\t\t\t\t\t<img loading=\"lazy\" decoding=\"async\" width=\"300\" height=\"300\" src=\"https:\/\/intpro-handelsagentur.com\/intpro-object\/wp-content\/uploads\/2023\/09\/phone-1-300x300.png\" class=\"attachment-medium size-medium\" alt=\"\" srcset=\"https:\/\/intpro-handelsagentur.com\/intpro-object\/wp-content\/uploads\/2023\/09\/phone-1-300x300.png 300w, https:\/\/intpro-handelsagentur.com\/intpro-object\/wp-content\/uploads\/2023\/09\/phone-1-150x150.png 150w, https:\/\/intpro-handelsagentur.com\/intpro-object\/wp-content\/uploads\/2023\/09\/phone-1-768x768.png 768w, https:\/\/intpro-handelsagentur.com\/intpro-object\/wp-content\/uploads\/2023\/09\/phone-1.png 1024w\" sizes=\"auto, (max-width: 300px) 100vw, 300px\" \/>\t\t\t\t\t<\/div>\n\t\t\t\t<\/div>\n\t\t\t<\/div>\n\t\t\t\t<div class=\"icon-box-text last-reset\">\n\t\t\t\t\t\t\t\t\t\n\n\t<div id=\"text-579446641\" class=\"text\">\n\t\t\n\n<h3>Telefon<\/h3>\n<p>+49 (0) 521 1639305 3<\/p>\n\t\t\n<style>\n#text-579446641 {\n  color: rgb(255,255,255);\n}\n#text-579446641 > * {\n  color: rgb(255,255,255);\n}\n<\/style>\n\t<\/div>\n\t\n\n\t\t<\/div>\n\t<\/div>\n\t<\/a>\n\t\n\n\t\t<\/div>\n\t\t\t\t\t<\/div>\n\n\t\n\n\t<div id=\"col-1270705652\" class=\"col medium-4 small-12 large-4\"  >\n\t\t\t\t<div class=\"col-inner\"  >\n\t\t\t\n\t\t\t\n\n\n\t<a class=\"plain\" href=\"https:\/\/maps.app.goo.gl\/5tRfD2wAZyTFM5gC8\" target=\"_blank\" rel=\"noopener\" >\t<div class=\"icon-box featured-box icon-box-center text-center\"  >\n\t\t\t\t\t<div class=\"icon-box-img\" style=\"width: 135px\">\n\t\t\t\t<div class=\"icon\">\n\t\t\t\t\t<div class=\"icon-inner\" >\n\t\t\t\t\t\t<img loading=\"lazy\" decoding=\"async\" width=\"300\" height=\"300\" src=\"https:\/\/intpro-handelsagentur.com\/intpro-object\/wp-content\/uploads\/2023\/09\/hotel-1-300x300.png\" class=\"attachment-medium size-medium\" alt=\"\" srcset=\"https:\/\/intpro-handelsagentur.com\/intpro-object\/wp-content\/uploads\/2023\/09\/hotel-1-300x300.png 300w, https:\/\/intpro-handelsagentur.com\/intpro-object\/wp-content\/uploads\/2023\/09\/hotel-1-150x150.png 150w, https:\/\/intpro-handelsagentur.com\/intpro-object\/wp-content\/uploads\/2023\/09\/hotel-1-768x768.png 768w, https:\/\/intpro-handelsagentur.com\/intpro-object\/wp-content\/uploads\/2023\/09\/hotel-1.png 1024w\" sizes=\"auto, (max-width: 300px) 100vw, 300px\" \/>\t\t\t\t\t<\/div>\n\t\t\t\t<\/div>\n\t\t\t<\/div>\n\t\t\t\t<div class=\"icon-box-text last-reset\">\n\t\t\t\t\t\t\t\t\t\n\n\t<div id=\"text-534045537\" class=\"text\">\n\t\t\n\n<h3>B\u00fcro<\/h3>\n<p>B\u00f6ttcherstr.7 <br \/>\nDE-33609 Bielefeld<\/p>\n\t\t\n<style>\n#text-534045537 {\n  color: rgb(255,255,255);\n}\n#text-534045537 > * {\n  color: rgb(255,255,255);\n}\n<\/style>\n\t<\/div>\n\t\n\n\t\t<\/div>\n\t<\/div>\n\t<\/a>\n\t\n\n\t\t<\/div>\n\t\t\t\t\t<\/div>\n\n\t\n\n<\/div>\n\n\n\t\t<\/div>\n\n\t\t\n<style>\n#section_755787157 {\n  padding-top: 30px;\n  padding-bottom: 30px;\n}\n#section_755787157 .section-bg-overlay {\n  background-color: rgba(0, 0, 0, 0.855);\n}\n#section_755787157 .section-bg img {\n  object-position: 100% 0%;\n}\n<\/style>\n\t<\/section>\n\t\n\n\n\t\t<\/div>\n\n\t\t\n<style>\n#section_217964538 {\n  padding-top: 30px;\n  padding-bottom: 30px;\n  background-color: rgb(0,0,0);\n}\n<\/style>\n\t<\/section>\n\t\n\n","protected":false},"excerpt":{"rendered":"","protected":false},"author":1,"featured_media":0,"parent":0,"menu_order":0,"comment_status":"closed","ping_status":"closed","template":"page-blank.php","meta":{"footnotes":""},"class_list":["post-1980","page","type-page","status-publish","hentry"],"yoast_head":"<!-- This site is optimized with the Yoast SEO plugin v27.1.1 - https:\/\/yoast.com\/product\/yoast-seo-wordpress\/ -->\n<title>Puzzleteppiche - Intpro Object<\/title>\n<meta name=\"description\" content=\"Unsere Vision ist Ihre Chance. Die Agentur in OWL f\u00fcr moderne, preiswerte und responsive Websites.\" \/>\n<meta name=\"robots\" content=\"index, follow, max-snippet:-1, max-image-preview:large, max-video-preview:-1\" \/>\n<link rel=\"canonical\" href=\"https:\/\/intpro-handelsagentur.com\/intpro-object\/puzzleteppiche\/\" \/>\n<meta property=\"og:locale\" content=\"de_DE\" \/>\n<meta property=\"og:type\" content=\"article\" \/>\n<meta property=\"og:title\" content=\"Puzzleteppiche - Intpro Object\" \/>\n<meta property=\"og:description\" content=\"Unsere Vision ist Ihre Chance. Die Agentur in OWL f\u00fcr moderne, preiswerte und responsive Websites.\" \/>\n<meta property=\"og:url\" content=\"https:\/\/intpro-handelsagentur.com\/intpro-object\/puzzleteppiche\/\" \/>\n<meta property=\"og:site_name\" content=\"Intpro Object\" \/>\n<meta property=\"article:modified_time\" content=\"2023-10-05T10:28:42+00:00\" \/>\n<meta name=\"twitter:card\" content=\"summary_large_image\" \/>\n<meta name=\"twitter:label1\" content=\"Gesch\u00e4tzte Lesezeit\" \/>\n\t<meta name=\"twitter:data1\" content=\"2\u00a0Minuten\" \/>\n<script type=\"application\/ld+json\" class=\"yoast-schema-graph\">{\"@context\":\"https:\/\/schema.org\",\"@graph\":[{\"@type\":\"WebPage\",\"@id\":\"https:\/\/intpro-handelsagentur.com\/intpro-object\/puzzleteppiche\/\",\"url\":\"https:\/\/intpro-handelsagentur.com\/intpro-object\/puzzleteppiche\/\",\"name\":\"Puzzleteppiche - Intpro Object\",\"isPartOf\":{\"@id\":\"https:\/\/intpro-handelsagentur.com\/intpro-object\/#website\"},\"datePublished\":\"2023-08-31T13:21:17+00:00\",\"dateModified\":\"2023-10-05T10:28:42+00:00\",\"description\":\"Unsere Vision ist Ihre Chance. Die Agentur in OWL f\u00fcr moderne, preiswerte und responsive Websites.\",\"breadcrumb\":{\"@id\":\"https:\/\/intpro-handelsagentur.com\/intpro-object\/puzzleteppiche\/#breadcrumb\"},\"inLanguage\":\"de\",\"potentialAction\":[{\"@type\":\"ReadAction\",\"target\":[\"https:\/\/intpro-handelsagentur.com\/intpro-object\/puzzleteppiche\/\"]}]},{\"@type\":\"BreadcrumbList\",\"@id\":\"https:\/\/intpro-handelsagentur.com\/intpro-object\/puzzleteppiche\/#breadcrumb\",\"itemListElement\":[{\"@type\":\"ListItem\",\"position\":1,\"name\":\"Startseite\",\"item\":\"https:\/\/intpro-handelsagentur.com\/intpro-object\/\"},{\"@type\":\"ListItem\",\"position\":2,\"name\":\"Puzzleteppiche\"}]},{\"@type\":\"WebSite\",\"@id\":\"https:\/\/intpro-handelsagentur.com\/intpro-object\/#website\",\"url\":\"https:\/\/intpro-handelsagentur.com\/intpro-object\/\",\"name\":\"Intpro Object\",\"description\":\"\",\"potentialAction\":[{\"@type\":\"SearchAction\",\"target\":{\"@type\":\"EntryPoint\",\"urlTemplate\":\"https:\/\/intpro-handelsagentur.com\/intpro-object\/?s={search_term_string}\"},\"query-input\":{\"@type\":\"PropertyValueSpecification\",\"valueRequired\":true,\"valueName\":\"search_term_string\"}}],\"inLanguage\":\"de\"}]}<\/script>\n<!-- \/ Yoast SEO plugin. -->","yoast_head_json":{"title":"Puzzleteppiche - Intpro Object","description":"Unsere Vision ist Ihre Chance. Die Agentur in OWL f\u00fcr moderne, preiswerte und responsive Websites.","robots":{"index":"index","follow":"follow","max-snippet":"max-snippet:-1","max-image-preview":"max-image-preview:large","max-video-preview":"max-video-preview:-1"},"canonical":"https:\/\/intpro-handelsagentur.com\/intpro-object\/puzzleteppiche\/","og_locale":"de_DE","og_type":"article","og_title":"Puzzleteppiche - Intpro Object","og_description":"Unsere Vision ist Ihre Chance. Die Agentur in OWL f\u00fcr moderne, preiswerte und responsive Websites.","og_url":"https:\/\/intpro-handelsagentur.com\/intpro-object\/puzzleteppiche\/","og_site_name":"Intpro Object","article_modified_time":"2023-10-05T10:28:42+00:00","twitter_card":"summary_large_image","twitter_misc":{"Gesch\u00e4tzte Lesezeit":"2\u00a0Minuten"},"schema":{"@context":"https:\/\/schema.org","@graph":[{"@type":"WebPage","@id":"https:\/\/intpro-handelsagentur.com\/intpro-object\/puzzleteppiche\/","url":"https:\/\/intpro-handelsagentur.com\/intpro-object\/puzzleteppiche\/","name":"Puzzleteppiche - Intpro Object","isPartOf":{"@id":"https:\/\/intpro-handelsagentur.com\/intpro-object\/#website"},"datePublished":"2023-08-31T13:21:17+00:00","dateModified":"2023-10-05T10:28:42+00:00","description":"Unsere Vision ist Ihre Chance. Die Agentur in OWL f\u00fcr moderne, preiswerte und responsive Websites.","breadcrumb":{"@id":"https:\/\/intpro-handelsagentur.com\/intpro-object\/puzzleteppiche\/#breadcrumb"},"inLanguage":"de","potentialAction":[{"@type":"ReadAction","target":["https:\/\/intpro-handelsagentur.com\/intpro-object\/puzzleteppiche\/"]}]},{"@type":"BreadcrumbList","@id":"https:\/\/intpro-handelsagentur.com\/intpro-object\/puzzleteppiche\/#breadcrumb","itemListElement":[{"@type":"ListItem","position":1,"name":"Startseite","item":"https:\/\/intpro-handelsagentur.com\/intpro-object\/"},{"@type":"ListItem","position":2,"name":"Puzzleteppiche"}]},{"@type":"WebSite","@id":"https:\/\/intpro-handelsagentur.com\/intpro-object\/#website","url":"https:\/\/intpro-handelsagentur.com\/intpro-object\/","name":"Intpro Object","description":"","potentialAction":[{"@type":"SearchAction","target":{"@type":"EntryPoint","urlTemplate":"https:\/\/intpro-handelsagentur.com\/intpro-object\/?s={search_term_string}"},"query-input":{"@type":"PropertyValueSpecification","valueRequired":true,"valueName":"search_term_string"}}],"inLanguage":"de"}]}},"_links":{"self":[{"href":"https:\/\/intpro-handelsagentur.com\/intpro-object\/wp-json\/wp\/v2\/pages\/1980","targetHints":{"allow":["GET"]}}],"collection":[{"href":"https:\/\/intpro-handelsagentur.com\/intpro-object\/wp-json\/wp\/v2\/pages"}],"about":[{"href":"https:\/\/intpro-handelsagentur.com\/intpro-object\/wp-json\/wp\/v2\/types\/page"}],"author":[{"embeddable":true,"href":"https:\/\/intpro-handelsagentur.com\/intpro-object\/wp-json\/wp\/v2\/users\/1"}],"replies":[{"embeddable":true,"href":"https:\/\/intpro-handelsagentur.com\/intpro-object\/wp-json\/wp\/v2\/comments?post=1980"}],"version-history":[{"count":8,"href":"https:\/\/intpro-handelsagentur.com\/intpro-object\/wp-json\/wp\/v2\/pages\/1980\/revisions"}],"predecessor-version":[{"id":2257,"href":"https:\/\/intpro-handelsagentur.com\/intpro-object\/wp-json\/wp\/v2\/pages\/1980\/revisions\/2257"}],"wp:attachment":[{"href":"https:\/\/intpro-handelsagentur.com\/intpro-object\/wp-json\/wp\/v2\/media?parent=1980"}],"curies":[{"name":"wp","href":"https:\/\/api.w.org\/{rel}","templated":true}]}}