{"id":1717,"date":"2023-08-07T10:46:37","date_gmt":"2023-08-07T08:46:37","guid":{"rendered":"http:\/\/intpro-handelsagentur.com\/intpro-object\/?page_id=1717"},"modified":"2023-10-05T12:29:39","modified_gmt":"2023-10-05T10:29:39","slug":"echtleder-bezugsleder-fuer-sitzbezuege","status":"publish","type":"page","link":"https:\/\/intpro-handelsagentur.com\/intpro-object\/echtleder-bezugsleder-fuer-sitzbezuege\/","title":{"rendered":"Highback Sessel"},"content":{"rendered":"\n\n\t<section class=\"section\" id=\"section_261901627\">\n\t\t<div class=\"section-bg fill\" >\n\t\t\t\t\t\t\t\t\t<button class=\"scroll-for-more z-5 icon absolute bottom h-center\" aria-label=\"Scrollen f\u00fcr mehr\"><i class=\"icon-angle-down\" style=\"font-size:42px;\" ><\/i><\/button>\n\t\t\t\n\n\t\t<\/div>\n\n\t\t\n\n\t\t<div class=\"section-content relative\">\n\t\t\t\n\n<div class=\"row row-full-width align-middle\"  id=\"row-2562900\">\n\n\n\t<div id=\"col-1615649038\" class=\"col medium-12 small-12 large-6\"  >\n\t\t\t\t<div class=\"col-inner text-left\"  >\n\t\t\t\n\t\t\t\n\n\t<div id=\"text-343885932\" class=\"text\">\n\t\t\n\n<h3><span style=\"color: #ffffff;\">PRODUKTE<\/span><\/h3>\n\t\t\n<style>\n#text-343885932 {\n  font-size: 1.3rem;\n}\n<\/style>\n\t<\/div>\n\t\n<div class=\"is-divider divider clearfix\" style=\"max-width:241px;background-color:rgb(18, 208, 199);\"><\/div>\n\n\t<div id=\"text-2285421669\" class=\"text\">\n\t\t\n\n<h1><span style=\"color: #ffffff;\">Highback Sessel<\/span><\/h1>\n\t\t\n<style>\n#text-2285421669 {\n  font-size: 2.3rem;\n}\n<\/style>\n\t<\/div>\n\t\n\n\t\t<\/div>\n\t\t\t\t\n<style>\n#col-1615649038 > .col-inner {\n  margin: 0 0px 0px 0px;\n}\n@media (min-width:550px) {\n  #col-1615649038 > .col-inner {\n    margin: 0 0px 0px 0px;\n  }\n}\n@media (min-width:850px) {\n  #col-1615649038 > .col-inner {\n    margin: 200px 0px 200px 0px;\n  }\n}\n<\/style>\n\t<\/div>\n\n\t\n\n\t<div id=\"col-818109169\" class=\"col hide-for-medium medium-6 small-12 large-6\"  >\n\t\t\t\t<div class=\"col-inner text-right\"  >\n\t\t\t\n\t\t\t\n\n\t<div class=\"img has-hover x md-x lg-x y md-y lg-y\" id=\"image_585762148\">\n\t\t\t\t\t\t\t\t<div class=\"img-inner dark\" >\n\t\t\t<img loading=\"lazy\" decoding=\"async\" width=\"440\" height=\"475\" src=\"https:\/\/intpro-handelsagentur.com\/intpro-object\/wp-content\/uploads\/2023\/08\/Screenshot-2023-08-31-141434.png\" class=\"attachment-original size-original\" alt=\"\" srcset=\"https:\/\/intpro-handelsagentur.com\/intpro-object\/wp-content\/uploads\/2023\/08\/Screenshot-2023-08-31-141434.png 440w, https:\/\/intpro-handelsagentur.com\/intpro-object\/wp-content\/uploads\/2023\/08\/Screenshot-2023-08-31-141434-278x300.png 278w\" sizes=\"auto, (max-width: 440px) 100vw, 440px\" \/>\t\t\t\t\t\t\n\t\t\t\t\t<\/div>\n\t\t\t\t\t\t\t\t\n<style>\n#image_585762148 {\n  width: 100%;\n}\n@media (min-width:850px) {\n  #image_585762148 {\n    width: 67%;\n  }\n}\n<\/style>\n\t<\/div>\n\t\n\n\n\t\t<\/div>\n\t\t\t\t\t<\/div>\n\n\t\n\n<\/div>\n\n\t\t<\/div>\n\n\t\t\n<style>\n#section_261901627 {\n  padding-top: 30px;\n  padding-bottom: 30px;\n  background-color: rgb(0,0,0);\n}\n<\/style>\n\t<\/section>\n\t\n\n\t<section class=\"section\" id=\"section_933008122\">\n\t\t<div class=\"section-bg fill\" >\n\t\t\t\t\t\t\t\t\t\n\t\t\t\n\n\t\t<\/div>\n\n\t\t\n\n\t\t<div class=\"section-content relative\">\n\t\t\t\n\n<div class=\"row row-full-width\"  id=\"row-981957223\">\n\n\n\t<div id=\"col-476816517\" class=\"col medium-12 small-12 large-4\"  >\n\t\t\t\t<div class=\"col-inner\"  >\n\t\t\t\n\t\t\t\n\n<div class=\"slider-wrapper relative\" id=\"slider-146073399\" >\n    <div class=\"slider slider-nav-circle slider-nav-large slider-nav-dark slider-style-normal slider-show-nav\"\n        data-flickity-options='{\n            \"cellAlign\": \"center\",\n            \"imagesLoaded\": true,\n            \"lazyLoad\": 1,\n            \"freeScroll\": false,\n            \"wrapAround\": true,\n            \"autoPlay\": 3000,\n            \"pauseAutoPlayOnHover\" : true,\n            \"prevNextButtons\": true,\n            \"contain\" : true,\n            \"adaptiveHeight\" : true,\n            \"dragThreshold\" : 10,\n            \"percentPosition\": true,\n            \"pageDots\": true,\n            \"rightToLeft\": false,\n            \"draggable\": true,\n            \"selectedAttraction\": 0.1,\n            \"parallax\" : 0,\n            \"friction\": 0.6        }'\n        >\n        \n\n\t<div class=\"img has-hover x md-x lg-x y md-y lg-y\" id=\"image_1952020197\">\n\t\t<a class=\"image-lightbox lightbox-gallery\" title=\"\" href=\"https:\/\/intpro-handelsagentur.com\/intpro-object\/wp-content\/uploads\/2023\/08\/Screenshot-2023-08-31-141449.png\">\t\t\t\t\t\t<div class=\"img-inner dark\" >\n\t\t\t<img loading=\"lazy\" decoding=\"async\" width=\"418\" height=\"479\" src=\"https:\/\/intpro-handelsagentur.com\/intpro-object\/wp-content\/uploads\/2023\/08\/Screenshot-2023-08-31-141449.png\" class=\"attachment-large size-large\" alt=\"\" srcset=\"https:\/\/intpro-handelsagentur.com\/intpro-object\/wp-content\/uploads\/2023\/08\/Screenshot-2023-08-31-141449.png 418w, https:\/\/intpro-handelsagentur.com\/intpro-object\/wp-content\/uploads\/2023\/08\/Screenshot-2023-08-31-141449-262x300.png 262w\" sizes=\"auto, (max-width: 418px) 100vw, 418px\" \/>\t\t\t\t\t\t\n\t\t\t\t\t<\/div>\n\t\t\t\t\t\t<\/a>\t\t\n<style>\n#image_1952020197 {\n  width: 100%;\n}\n<\/style>\n\t<\/div>\n\t\n\n\t<div class=\"img has-hover x md-x lg-x y md-y lg-y\" id=\"image_825514517\">\n\t\t<a class=\"image-lightbox lightbox-gallery\" title=\"\" href=\"https:\/\/intpro-handelsagentur.com\/intpro-object\/wp-content\/uploads\/2023\/08\/Screenshot-2023-08-31-141434.png\">\t\t\t\t\t\t<div class=\"img-inner dark\" >\n\t\t\t<img loading=\"lazy\" decoding=\"async\" width=\"440\" height=\"475\" src=\"https:\/\/intpro-handelsagentur.com\/intpro-object\/wp-content\/uploads\/2023\/08\/Screenshot-2023-08-31-141434.png\" class=\"attachment-large size-large\" alt=\"\" srcset=\"https:\/\/intpro-handelsagentur.com\/intpro-object\/wp-content\/uploads\/2023\/08\/Screenshot-2023-08-31-141434.png 440w, https:\/\/intpro-handelsagentur.com\/intpro-object\/wp-content\/uploads\/2023\/08\/Screenshot-2023-08-31-141434-278x300.png 278w\" sizes=\"auto, (max-width: 440px) 100vw, 440px\" \/>\t\t\t\t\t\t\n\t\t\t\t\t<\/div>\n\t\t\t\t\t\t<\/a>\t\t\n<style>\n#image_825514517 {\n  width: 100%;\n}\n<\/style>\n\t<\/div>\n\t\n\n\t<div class=\"img has-hover x md-x lg-x y md-y lg-y\" id=\"image_1680601533\">\n\t\t<a class=\"image-lightbox lightbox-gallery\" title=\"\" href=\"https:\/\/intpro-handelsagentur.com\/intpro-object\/wp-content\/uploads\/2023\/08\/Screenshot-2023-08-31-140508.png\">\t\t\t\t\t\t<div class=\"img-inner dark\" >\n\t\t\t<img loading=\"lazy\" decoding=\"async\" width=\"487\" height=\"493\" src=\"https:\/\/intpro-handelsagentur.com\/intpro-object\/wp-content\/uploads\/2023\/08\/Screenshot-2023-08-31-140508.png\" class=\"attachment-large size-large\" alt=\"\" srcset=\"https:\/\/intpro-handelsagentur.com\/intpro-object\/wp-content\/uploads\/2023\/08\/Screenshot-2023-08-31-140508.png 487w, https:\/\/intpro-handelsagentur.com\/intpro-object\/wp-content\/uploads\/2023\/08\/Screenshot-2023-08-31-140508-296x300.png 296w\" sizes=\"auto, (max-width: 487px) 100vw, 487px\" \/>\t\t\t\t\t\t\n\t\t\t\t\t<\/div>\n\t\t\t\t\t\t<\/a>\t\t\n<style>\n#image_1680601533 {\n  width: 100%;\n}\n<\/style>\n\t<\/div>\n\t\n\n\n     <\/div>\n\n     <div class=\"loading-spin dark large centered\"><\/div>\n\n\t<\/div>\n\n\n\n\t\t<\/div>\n\t\t\t\t\t<\/div>\n\n\t\n\n\t<div id=\"col-1015507104\" class=\"col medium-12 small-12 large-8\"  >\n\t\t\t\t<div class=\"col-inner\"  >\n\t\t\t\n\t\t\t\n\n<div class=\"et_pb_module et_pb_text et_pb_text_2  et_pb_text_align_left et_pb_bg_layout_dark\">\n<div class=\"et_pb_text_inner\">\n<h1><span style=\"color: #12d0c7;\">Highback Sessel<\/span><\/h1>\n<\/div>\n<\/div>\n<div class=\"et_pb_module et_pb_text et_pb_text_3  et_pb_text_align_left et_pb_bg_layout_dark\">\n<div class=\"et_pb_text_inner\">\n<p><span style=\"color: #ffffff;\">Entdecken Sie den ultimativen Komfort und die stilvolle Eleganz des Highback Sessels! Mit seinem einzigartigen Design und herausragenden Eigenschaften ist dieser Sessel die perfekte Erg\u00e4nzung f\u00fcr Ihr Objekt.<\/span><\/p>\n<p><span style=\"color: #ffffff;\">Der Highback Sessel bietet eine luxuri\u00f6se Sitzgelegenheit, die Ihrem R\u00fccken optimalen Halt und Unterst\u00fctzung bietet. Dank des hohen R\u00fcckens und der gepolsterten Seitenwangen werden Nacken, Schultern und R\u00fcckenbereich auf angenehme Weise gest\u00fctzt. Egal, ob Sie nach einem langen Arbeitstag Entspannung suchen oder einfach nur gem\u00fctlich ein Buch lesen m\u00f6chten, dieser Sessel erm\u00f6glicht es Ihnen, sich zur\u00fcckzulehnen und den Moment zu genie\u00dfen.<\/span><\/p>\n<p><span style=\"color: #ffffff;\">Die hochwertige Polsterung des Highback Sessels sorgt f\u00fcr ein weiches und bequemes Sitzerlebnis. Der Sitz und die R\u00fcckenlehne sind mit strapazierf\u00e4higem und dennoch anschmiegsamem Stoff bezogen, der langlebig und pflegeleicht ist. Das stilvolle Design der Sessel f\u00fcgt sich nahtlos in verschiedene Einrichtungsstile ein und verleiht jedem Raum eine ansprechende Note.<\/span><\/p>\n<p><span style=\"color: #ffffff;\">Egal, ob Sie Ihren Wartebereich versch\u00f6nern oder Ihr B\u00fcro komfortabler gestalten m\u00f6chten, der Highback Sessel ist die perfekte Wahl. Er kombiniert Stil, Komfort und Funktionalit\u00e4t auf gekonnte Weise und wird sicherlich zum Lieblingsplatz in Ihrem Hause. G\u00f6nnen Sie sich den Luxus des Highback Sessels und erleben Sie erstklassigen Komfort wie nie zuvor!<\/span><\/p>\n<\/div>\n<\/div>\n\t<div id=\"text-1971812387\" class=\"text\">\n\t\t\n\n<div id=\"about\" class=\"et_pb_with_border et_pb_section et_pb_section_1 et_pb_with_background et_section_regular\">\n<div class=\"et_pb_row et_pb_row_1 et_pb_equal_columns et_pb_gutters3\">\n<div class=\"et_pb_column et_pb_column_1_2 et_pb_column_3  et_pb_css_mix_blend_mode_passthrough et-last-child\">\n<div class=\"et_pb_with_border et_pb_module et_pb_text et_pb_text_4  et_pb_text_align_left et_pb_bg_layout_dark\">\n<div class=\"et_pb_text_inner\">\n<blockquote>\n<p><span style=\"color: #ffffff;\"><strong>Einsatzbereiche:<\/strong> B\u00fcro, Klinik, Meetingraum, \u00f6ffentliche Einrichtungen, Hotel, u.v.m.<\/span><\/p>\n<\/blockquote>\n<\/div>\n<\/div>\n<\/div>\n<\/div>\n<\/div>\n\t\t\n<style>\n#text-1971812387 {\n  font-size: 0.95rem;\n}\n<\/style>\n\t<\/div>\n\t\n\n\t\t<\/div>\n\t\t\t\t\t<\/div>\n\n\t\n\n<\/div>\n\t<div id=\"gap-1289118886\" class=\"gap-element clearfix\" style=\"display:block; height:auto;\">\n\t\t\n<style>\n#gap-1289118886 {\n  padding-top: 110px;\n}\n<\/style>\n\t<\/div>\n\t\n\n\n\t<section class=\"section\" id=\"section_309744213\">\n\t\t<div class=\"section-bg fill\" >\n\t\t\t<img loading=\"lazy\" decoding=\"async\" width=\"382\" height=\"298\" src=\"https:\/\/intpro-handelsagentur.com\/intpro-object\/wp-content\/uploads\/2023\/08\/Screenshot-2023-08-31-131933.png\" class=\"bg attachment- size-\" alt=\"\" \/>\t\t\t\t\t\t<div class=\"section-bg-overlay absolute fill\"><\/div>\n\t\t\t\n\n\t\t<\/div>\n\n\t\t\n\n\t\t<div class=\"section-content relative\">\n\t\t\t\n\n<div class=\"row\"  id=\"row-736484460\">\n\n\n\t<div id=\"col-88005201\" class=\"col small-12 large-12\"  >\n\t\t\t\t<div class=\"col-inner\"  >\n\t\t\t\n\t\t\t\n\n\t<div id=\"text-1980082662\" class=\"text\">\n\t\t\n\n<h2><span style=\"font-size: 170%;\">Kontaktanfrage<\/span><\/h2>\n<p>\u00a0<\/p>\n<p>Offene Fragen gibt es bei uns nicht, daher stehen wir Ihnen unkompliziert zur Verf\u00fcgung:<\/p>\n<p>Unsere B\u00fcrozeiten<\/p>\n<p>Montag bis Donnerstag: von 08:30 bis 15:30 Uhr<br \/>Freitag: von 08:30 bis 12:30 Uhr<\/p>\n<p>oder pers\u00f6nlich nach Terminabstimmung.<\/p>\n\t\t\n<style>\n#text-1980082662 {\n  text-align: center;\n  color: #ffffff;\n}\n#text-1980082662 > * {\n  color: #ffffff;\n}\n<\/style>\n\t<\/div>\n\t\n\n\t\t<\/div>\n\t\t\t\t\t<\/div>\n\n\t\n\n<\/div>\n<div class=\"row\"  id=\"row-678438127\">\n\n\n\t<div id=\"col-1974846039\" class=\"col medium-4 small-12 large-4\"  >\n\t\t\t\t<div class=\"col-inner\"  >\n\t\t\t\n\t\t\t\n\n\n\t<a class=\"plain\" href=\"mailto:info@IntPro-object.com\" >\t<div class=\"icon-box featured-box icon-box-center text-center\"  >\n\t\t\t\t\t<div class=\"icon-box-img\" style=\"width: 135px\">\n\t\t\t\t<div class=\"icon\">\n\t\t\t\t\t<div class=\"icon-inner\" >\n\t\t\t\t\t\t<img loading=\"lazy\" decoding=\"async\" width=\"300\" height=\"300\" src=\"https:\/\/intpro-handelsagentur.com\/intpro-object\/wp-content\/uploads\/2023\/09\/mail-1-300x300.png\" class=\"attachment-medium size-medium\" alt=\"\" srcset=\"https:\/\/intpro-handelsagentur.com\/intpro-object\/wp-content\/uploads\/2023\/09\/mail-1-300x300.png 300w, https:\/\/intpro-handelsagentur.com\/intpro-object\/wp-content\/uploads\/2023\/09\/mail-1-150x150.png 150w, https:\/\/intpro-handelsagentur.com\/intpro-object\/wp-content\/uploads\/2023\/09\/mail-1-768x768.png 768w, https:\/\/intpro-handelsagentur.com\/intpro-object\/wp-content\/uploads\/2023\/09\/mail-1.png 1024w\" sizes=\"auto, (max-width: 300px) 100vw, 300px\" \/>\t\t\t\t\t<\/div>\n\t\t\t\t<\/div>\n\t\t\t<\/div>\n\t\t\t\t<div class=\"icon-box-text last-reset\">\n\t\t\t\t\t\t\t\t\t\n\n\t<div id=\"text-1225742273\" class=\"text\">\n\t\t\n\n<h3>E-Mail<\/h3>\n<p>info@IntPro-object.com <\/p>\n\t\t\n<style>\n#text-1225742273 {\n  color: rgb(255,255,255);\n}\n#text-1225742273 > * {\n  color: rgb(255,255,255);\n}\n<\/style>\n\t<\/div>\n\t\n\n\t\t<\/div>\n\t<\/div>\n\t<\/a>\n\t\n\n\t\t<\/div>\n\t\t\t\t\t<\/div>\n\n\t\n\n\t<div id=\"col-1493875306\" class=\"col medium-4 small-12 large-4\"  >\n\t\t\t\t<div class=\"col-inner\"  >\n\t\t\t\n\t\t\t\n\n\n\t<a class=\"plain\" href=\"tel:+4952116393053\" >\t<div class=\"icon-box featured-box icon-box-center text-center\"  >\n\t\t\t\t\t<div class=\"icon-box-img\" style=\"width: 135px\">\n\t\t\t\t<div class=\"icon\">\n\t\t\t\t\t<div class=\"icon-inner\" >\n\t\t\t\t\t\t<img loading=\"lazy\" decoding=\"async\" width=\"300\" height=\"300\" src=\"https:\/\/intpro-handelsagentur.com\/intpro-object\/wp-content\/uploads\/2023\/09\/phone-1-300x300.png\" class=\"attachment-medium size-medium\" alt=\"\" srcset=\"https:\/\/intpro-handelsagentur.com\/intpro-object\/wp-content\/uploads\/2023\/09\/phone-1-300x300.png 300w, https:\/\/intpro-handelsagentur.com\/intpro-object\/wp-content\/uploads\/2023\/09\/phone-1-150x150.png 150w, https:\/\/intpro-handelsagentur.com\/intpro-object\/wp-content\/uploads\/2023\/09\/phone-1-768x768.png 768w, https:\/\/intpro-handelsagentur.com\/intpro-object\/wp-content\/uploads\/2023\/09\/phone-1.png 1024w\" sizes=\"auto, (max-width: 300px) 100vw, 300px\" \/>\t\t\t\t\t<\/div>\n\t\t\t\t<\/div>\n\t\t\t<\/div>\n\t\t\t\t<div class=\"icon-box-text last-reset\">\n\t\t\t\t\t\t\t\t\t\n\n\t<div id=\"text-2021136020\" class=\"text\">\n\t\t\n\n<h3>Telefon<\/h3>\n<p>+49 (0) 521 1639305 3<\/p>\n\t\t\n<style>\n#text-2021136020 {\n  color: rgb(255,255,255);\n}\n#text-2021136020 > * {\n  color: rgb(255,255,255);\n}\n<\/style>\n\t<\/div>\n\t\n\n\t\t<\/div>\n\t<\/div>\n\t<\/a>\n\t\n\n\t\t<\/div>\n\t\t\t\t\t<\/div>\n\n\t\n\n\t<div id=\"col-1367162850\" class=\"col medium-4 small-12 large-4\"  >\n\t\t\t\t<div class=\"col-inner\"  >\n\t\t\t\n\t\t\t\n\n\n\t<a class=\"plain\" href=\"https:\/\/maps.app.goo.gl\/5tRfD2wAZyTFM5gC8\" target=\"_blank\" rel=\"noopener\" >\t<div class=\"icon-box featured-box icon-box-center text-center\"  >\n\t\t\t\t\t<div class=\"icon-box-img\" style=\"width: 135px\">\n\t\t\t\t<div class=\"icon\">\n\t\t\t\t\t<div class=\"icon-inner\" >\n\t\t\t\t\t\t<img loading=\"lazy\" decoding=\"async\" width=\"300\" height=\"300\" src=\"https:\/\/intpro-handelsagentur.com\/intpro-object\/wp-content\/uploads\/2023\/09\/hotel-1-300x300.png\" class=\"attachment-medium size-medium\" alt=\"\" srcset=\"https:\/\/intpro-handelsagentur.com\/intpro-object\/wp-content\/uploads\/2023\/09\/hotel-1-300x300.png 300w, https:\/\/intpro-handelsagentur.com\/intpro-object\/wp-content\/uploads\/2023\/09\/hotel-1-150x150.png 150w, https:\/\/intpro-handelsagentur.com\/intpro-object\/wp-content\/uploads\/2023\/09\/hotel-1-768x768.png 768w, https:\/\/intpro-handelsagentur.com\/intpro-object\/wp-content\/uploads\/2023\/09\/hotel-1.png 1024w\" sizes=\"auto, (max-width: 300px) 100vw, 300px\" \/>\t\t\t\t\t<\/div>\n\t\t\t\t<\/div>\n\t\t\t<\/div>\n\t\t\t\t<div class=\"icon-box-text last-reset\">\n\t\t\t\t\t\t\t\t\t\n\n\t<div id=\"text-1785187731\" class=\"text\">\n\t\t\n\n<h3>B\u00fcro<\/h3>\n<p>B\u00f6ttcherstr.7 <br \/>\nDE-33609 Bielefeld<\/p>\n\t\t\n<style>\n#text-1785187731 {\n  color: rgb(255,255,255);\n}\n#text-1785187731 > * {\n  color: rgb(255,255,255);\n}\n<\/style>\n\t<\/div>\n\t\n\n\t\t<\/div>\n\t<\/div>\n\t<\/a>\n\t\n\n\t\t<\/div>\n\t\t\t\t\t<\/div>\n\n\t\n\n<\/div>\n\n\n\t\t<\/div>\n\n\t\t\n<style>\n#section_309744213 {\n  padding-top: 30px;\n  padding-bottom: 30px;\n}\n#section_309744213 .section-bg-overlay {\n  background-color: rgba(0, 0, 0, 0.855);\n}\n#section_309744213 .section-bg img {\n  object-position: 100% 0%;\n}\n<\/style>\n\t<\/section>\n\t\n\n\n\t\t<\/div>\n\n\t\t\n<style>\n#section_933008122 {\n  padding-top: 30px;\n  padding-bottom: 30px;\n  background-color: rgb(0,0,0);\n}\n<\/style>\n\t<\/section>\n\t\n\n","protected":false},"excerpt":{"rendered":"","protected":false},"author":1,"featured_media":0,"parent":0,"menu_order":0,"comment_status":"closed","ping_status":"closed","template":"page-blank.php","meta":{"footnotes":""},"class_list":["post-1717","page","type-page","status-publish","hentry"],"yoast_head":"<!-- This site is optimized with the Yoast SEO plugin v27.1.1 - https:\/\/yoast.com\/product\/yoast-seo-wordpress\/ -->\n<title>Highback Sessel - Intpro Object<\/title>\n<meta name=\"description\" content=\"Unsere Vision ist Ihre Chance. Die Agentur in OWL f\u00fcr moderne, preiswerte und responsive Websites.\" \/>\n<meta name=\"robots\" content=\"index, follow, max-snippet:-1, max-image-preview:large, max-video-preview:-1\" \/>\n<link rel=\"canonical\" href=\"https:\/\/intpro-handelsagentur.com\/intpro-object\/echtleder-bezugsleder-fuer-sitzbezuege\/\" \/>\n<meta property=\"og:locale\" content=\"de_DE\" \/>\n<meta property=\"og:type\" content=\"article\" \/>\n<meta property=\"og:title\" content=\"Highback Sessel - Intpro Object\" \/>\n<meta property=\"og:description\" content=\"Unsere Vision ist Ihre Chance. Die Agentur in OWL f\u00fcr moderne, preiswerte und responsive Websites.\" \/>\n<meta property=\"og:url\" content=\"https:\/\/intpro-handelsagentur.com\/intpro-object\/echtleder-bezugsleder-fuer-sitzbezuege\/\" \/>\n<meta property=\"og:site_name\" content=\"Intpro Object\" \/>\n<meta property=\"article:modified_time\" content=\"2023-10-05T10:29:39+00:00\" \/>\n<meta name=\"twitter:card\" content=\"summary_large_image\" \/>\n<meta name=\"twitter:label1\" content=\"Gesch\u00e4tzte Lesezeit\" \/>\n\t<meta name=\"twitter:data1\" content=\"2\u00a0Minuten\" \/>\n<script type=\"application\/ld+json\" class=\"yoast-schema-graph\">{\"@context\":\"https:\/\/schema.org\",\"@graph\":[{\"@type\":\"WebPage\",\"@id\":\"https:\/\/intpro-handelsagentur.com\/intpro-object\/echtleder-bezugsleder-fuer-sitzbezuege\/\",\"url\":\"https:\/\/intpro-handelsagentur.com\/intpro-object\/echtleder-bezugsleder-fuer-sitzbezuege\/\",\"name\":\"Highback Sessel - Intpro Object\",\"isPartOf\":{\"@id\":\"https:\/\/intpro-handelsagentur.com\/intpro-object\/#website\"},\"datePublished\":\"2023-08-07T08:46:37+00:00\",\"dateModified\":\"2023-10-05T10:29:39+00:00\",\"description\":\"Unsere Vision ist Ihre Chance. Die Agentur in OWL f\u00fcr moderne, preiswerte und responsive Websites.\",\"breadcrumb\":{\"@id\":\"https:\/\/intpro-handelsagentur.com\/intpro-object\/echtleder-bezugsleder-fuer-sitzbezuege\/#breadcrumb\"},\"inLanguage\":\"de\",\"potentialAction\":[{\"@type\":\"ReadAction\",\"target\":[\"https:\/\/intpro-handelsagentur.com\/intpro-object\/echtleder-bezugsleder-fuer-sitzbezuege\/\"]}]},{\"@type\":\"BreadcrumbList\",\"@id\":\"https:\/\/intpro-handelsagentur.com\/intpro-object\/echtleder-bezugsleder-fuer-sitzbezuege\/#breadcrumb\",\"itemListElement\":[{\"@type\":\"ListItem\",\"position\":1,\"name\":\"Startseite\",\"item\":\"https:\/\/intpro-handelsagentur.com\/intpro-object\/\"},{\"@type\":\"ListItem\",\"position\":2,\"name\":\"Highback Sessel\"}]},{\"@type\":\"WebSite\",\"@id\":\"https:\/\/intpro-handelsagentur.com\/intpro-object\/#website\",\"url\":\"https:\/\/intpro-handelsagentur.com\/intpro-object\/\",\"name\":\"Intpro Object\",\"description\":\"\",\"potentialAction\":[{\"@type\":\"SearchAction\",\"target\":{\"@type\":\"EntryPoint\",\"urlTemplate\":\"https:\/\/intpro-handelsagentur.com\/intpro-object\/?s={search_term_string}\"},\"query-input\":{\"@type\":\"PropertyValueSpecification\",\"valueRequired\":true,\"valueName\":\"search_term_string\"}}],\"inLanguage\":\"de\"}]}<\/script>\n<!-- \/ Yoast SEO plugin. -->","yoast_head_json":{"title":"Highback Sessel - Intpro Object","description":"Unsere Vision ist Ihre Chance. Die Agentur in OWL f\u00fcr moderne, preiswerte und responsive Websites.","robots":{"index":"index","follow":"follow","max-snippet":"max-snippet:-1","max-image-preview":"max-image-preview:large","max-video-preview":"max-video-preview:-1"},"canonical":"https:\/\/intpro-handelsagentur.com\/intpro-object\/echtleder-bezugsleder-fuer-sitzbezuege\/","og_locale":"de_DE","og_type":"article","og_title":"Highback Sessel - Intpro Object","og_description":"Unsere Vision ist Ihre Chance. Die Agentur in OWL f\u00fcr moderne, preiswerte und responsive Websites.","og_url":"https:\/\/intpro-handelsagentur.com\/intpro-object\/echtleder-bezugsleder-fuer-sitzbezuege\/","og_site_name":"Intpro Object","article_modified_time":"2023-10-05T10:29:39+00:00","twitter_card":"summary_large_image","twitter_misc":{"Gesch\u00e4tzte Lesezeit":"2\u00a0Minuten"},"schema":{"@context":"https:\/\/schema.org","@graph":[{"@type":"WebPage","@id":"https:\/\/intpro-handelsagentur.com\/intpro-object\/echtleder-bezugsleder-fuer-sitzbezuege\/","url":"https:\/\/intpro-handelsagentur.com\/intpro-object\/echtleder-bezugsleder-fuer-sitzbezuege\/","name":"Highback Sessel - Intpro Object","isPartOf":{"@id":"https:\/\/intpro-handelsagentur.com\/intpro-object\/#website"},"datePublished":"2023-08-07T08:46:37+00:00","dateModified":"2023-10-05T10:29:39+00:00","description":"Unsere Vision ist Ihre Chance. Die Agentur in OWL f\u00fcr moderne, preiswerte und responsive Websites.","breadcrumb":{"@id":"https:\/\/intpro-handelsagentur.com\/intpro-object\/echtleder-bezugsleder-fuer-sitzbezuege\/#breadcrumb"},"inLanguage":"de","potentialAction":[{"@type":"ReadAction","target":["https:\/\/intpro-handelsagentur.com\/intpro-object\/echtleder-bezugsleder-fuer-sitzbezuege\/"]}]},{"@type":"BreadcrumbList","@id":"https:\/\/intpro-handelsagentur.com\/intpro-object\/echtleder-bezugsleder-fuer-sitzbezuege\/#breadcrumb","itemListElement":[{"@type":"ListItem","position":1,"name":"Startseite","item":"https:\/\/intpro-handelsagentur.com\/intpro-object\/"},{"@type":"ListItem","position":2,"name":"Highback Sessel"}]},{"@type":"WebSite","@id":"https:\/\/intpro-handelsagentur.com\/intpro-object\/#website","url":"https:\/\/intpro-handelsagentur.com\/intpro-object\/","name":"Intpro Object","description":"","potentialAction":[{"@type":"SearchAction","target":{"@type":"EntryPoint","urlTemplate":"https:\/\/intpro-handelsagentur.com\/intpro-object\/?s={search_term_string}"},"query-input":{"@type":"PropertyValueSpecification","valueRequired":true,"valueName":"search_term_string"}}],"inLanguage":"de"}]}},"_links":{"self":[{"href":"https:\/\/intpro-handelsagentur.com\/intpro-object\/wp-json\/wp\/v2\/pages\/1717","targetHints":{"allow":["GET"]}}],"collection":[{"href":"https:\/\/intpro-handelsagentur.com\/intpro-object\/wp-json\/wp\/v2\/pages"}],"about":[{"href":"https:\/\/intpro-handelsagentur.com\/intpro-object\/wp-json\/wp\/v2\/types\/page"}],"author":[{"embeddable":true,"href":"https:\/\/intpro-handelsagentur.com\/intpro-object\/wp-json\/wp\/v2\/users\/1"}],"replies":[{"embeddable":true,"href":"https:\/\/intpro-handelsagentur.com\/intpro-object\/wp-json\/wp\/v2\/comments?post=1717"}],"version-history":[{"count":10,"href":"https:\/\/intpro-handelsagentur.com\/intpro-object\/wp-json\/wp\/v2\/pages\/1717\/revisions"}],"predecessor-version":[{"id":2263,"href":"https:\/\/intpro-handelsagentur.com\/intpro-object\/wp-json\/wp\/v2\/pages\/1717\/revisions\/2263"}],"wp:attachment":[{"href":"https:\/\/intpro-handelsagentur.com\/intpro-object\/wp-json\/wp\/v2\/media?parent=1717"}],"curies":[{"name":"wp","href":"https:\/\/api.w.org\/{rel}","templated":true}]}}