{"id":1822,"date":"2023-08-07T13:35:42","date_gmt":"2023-08-07T11:35:42","guid":{"rendered":"http:\/\/intpro-handelsagentur.com\/intpro-mobility\/?page_id=1822"},"modified":"2025-06-27T20:55:00","modified_gmt":"2025-06-27T18:55:00","slug":"produktschulung-montage-demontageservice","status":"publish","type":"page","link":"https:\/\/intpro-handelsagentur.com\/intpro-mobility\/produktschulung-montage-demontageservice\/","title":{"rendered":"Produktschulung &#038; Montage-\/Demontageservice"},"content":{"rendered":"\n\n\t<section class=\"section\" id=\"section_806234610\">\n\t\t<div class=\"section-bg fill\" >\n\t\t\t\t\t\t\t\t\t<button class=\"scroll-for-more z-5 icon absolute bottom h-center\" aria-label=\"Scrollen f\u00fcr mehr\"><i class=\"icon-angle-down\" style=\"font-size:42px;\" ><\/i><\/button>\n\t\t\t\n\n\t\t<\/div>\n\n\t\t\n\n\t\t<div class=\"section-content relative\">\n\t\t\t\n\n<div class=\"row row-full-width align-middle\"  id=\"row-275091788\">\n\n\n\t<div id=\"col-1833321413\" class=\"col medium-12 small-12 large-7\"  >\n\t\t\t\t<div class=\"col-inner text-left\"  >\n\t\t\t\n\t\t\t\n\n\t<div id=\"text-3534726695\" class=\"text\">\n\t\t\n\n<h3><span style=\"color: #ffffff;\">SERVICELEISTUNGEN<\/span><\/h3>\n\t\t\n<style>\n#text-3534726695 {\n  font-size: 1.3rem;\n}\n<\/style>\n\t<\/div>\n\t\n<div class=\"is-divider divider clearfix\" style=\"max-width:241px;background-color:rgb(255, 244, 28);\"><\/div>\n\n\t<div id=\"text-3597954241\" class=\"text\">\n\t\t\n\n<h1><span style=\"color: #ffffff;\">Produktschulung &amp;<br>Montage-\/Demontageservice<\/span><\/h1>\n\t\t\n<style>\n#text-3597954241 {\n  font-size: 1.05rem;\n}\n@media (min-width:550px) {\n  #text-3597954241 {\n    font-size: 2.3rem;\n  }\n}\n<\/style>\n\t<\/div>\n\t\n\n\t\t<\/div>\n\t\t\t\t\n<style>\n#col-1833321413 > .col-inner {\n  margin: 0 0px 0px 0px;\n}\n@media (min-width:550px) {\n  #col-1833321413 > .col-inner {\n    margin: 0 0px 0px 0px;\n  }\n}\n@media (min-width:850px) {\n  #col-1833321413 > .col-inner {\n    margin: 0px 0px 0px 0px;\n  }\n}\n<\/style>\n\t<\/div>\n\n\t\n\n\t<div id=\"col-346660567\" class=\"col hide-for-medium medium-5 small-12 large-5\"  >\n\t\t\t\t<div class=\"col-inner\"  >\n\t\t\t\n\t\t\t\n\n\t<div class=\"img has-hover x md-x lg-x y md-y lg-y\" id=\"image_1591518398\">\n\t\t\t\t\t\t\t\t<div class=\"img-inner image-cover dark\" style=\"padding-top:600px;\">\n\t\t\t<img loading=\"lazy\" decoding=\"async\" width=\"385\" height=\"282\" src=\"https:\/\/intpro-handelsagentur.com\/intpro-mobility\/wp-content\/uploads\/2023\/08\/Produktschulung-MontageDemontageservice.png\" class=\"attachment-original size-original\" alt=\"\" srcset=\"https:\/\/intpro-handelsagentur.com\/intpro-mobility\/wp-content\/uploads\/2023\/08\/Produktschulung-MontageDemontageservice.png 385w, https:\/\/intpro-handelsagentur.com\/intpro-mobility\/wp-content\/uploads\/2023\/08\/Produktschulung-MontageDemontageservice-300x220.png 300w\" sizes=\"auto, (max-width: 385px) 100vw, 385px\" \/>\t\t\t\t\t\t\n\t\t\t\t\t<\/div>\n\t\t\t\t\t\t\t\t\n<style>\n#image_1591518398 {\n  width: 100%;\n}\n<\/style>\n\t<\/div>\n\t\n\n\n\t\t<\/div>\n\t\t\t\t\t<\/div>\n\n\t\n\n<\/div>\n\t<div id=\"gap-1104446835\" class=\"gap-element clearfix\" style=\"display:block; height:auto;\">\n\t\t\n<style>\n#gap-1104446835 {\n  padding-top: 50px;\n}\n<\/style>\n\t<\/div>\n\t\n\n\n\t\t<\/div>\n\n\t\t\n<style>\n#section_806234610 {\n  padding-top: 30px;\n  padding-bottom: 30px;\n  background-color: rgb(0,0,0);\n}\n<\/style>\n\t<\/section>\n\t\n\n\t<section class=\"section\" id=\"section_1582991669\">\n\t\t<div class=\"section-bg fill\" >\n\t\t\t\t\t\t\t\t\t\n\t\t\t\n\n\t\t<\/div>\n\n\t\t\n\n\t\t<div class=\"section-content relative\">\n\t\t\t\n\n<div class=\"row row-full-width\"  id=\"row-77158335\">\n\n\n\t<div id=\"col-601276367\" class=\"col medium-12 small-12 large-4\"  >\n\t\t\t\t<div class=\"col-inner\"  >\n\t\t\t\n\t\t\t\n\n<div class=\"slider-wrapper relative\" id=\"slider-533995083\" >\n    <div class=\"slider slider-nav-circle slider-nav-large slider-nav-light slider-style-normal\"\n        data-flickity-options='{\n            \"cellAlign\": \"center\",\n            \"imagesLoaded\": true,\n            \"lazyLoad\": 1,\n            \"freeScroll\": false,\n            \"wrapAround\": true,\n            \"autoPlay\": 6000,\n            \"pauseAutoPlayOnHover\" : true,\n            \"prevNextButtons\": true,\n            \"contain\" : true,\n            \"adaptiveHeight\" : true,\n            \"dragThreshold\" : 10,\n            \"percentPosition\": true,\n            \"pageDots\": true,\n            \"rightToLeft\": false,\n            \"draggable\": true,\n            \"selectedAttraction\": 0.1,\n            \"parallax\" : 0,\n            \"friction\": 0.6        }'\n        >\n        \n\n\t<div class=\"img has-hover x md-x lg-x y md-y lg-y\" id=\"image_474728041\">\n\t\t<a class=\"image-lightbox lightbox-gallery\" title=\"\" href=\"https:\/\/intpro-handelsagentur.com\/intpro-mobility\/wp-content\/uploads\/2023\/08\/Montage_Demontage_Service_IntPro-mobility-3-917x1024.jpg\">\t\t\t\t\t\t<div class=\"img-inner dark\" >\n\t\t\t<img loading=\"lazy\" decoding=\"async\" width=\"917\" height=\"1024\" src=\"https:\/\/intpro-handelsagentur.com\/intpro-mobility\/wp-content\/uploads\/2023\/08\/Montage_Demontage_Service_IntPro-mobility-3-917x1024.jpg\" class=\"attachment-large size-large\" alt=\"\" srcset=\"https:\/\/intpro-handelsagentur.com\/intpro-mobility\/wp-content\/uploads\/2023\/08\/Montage_Demontage_Service_IntPro-mobility-3-917x1024.jpg 917w, https:\/\/intpro-handelsagentur.com\/intpro-mobility\/wp-content\/uploads\/2023\/08\/Montage_Demontage_Service_IntPro-mobility-3-269x300.jpg 269w, https:\/\/intpro-handelsagentur.com\/intpro-mobility\/wp-content\/uploads\/2023\/08\/Montage_Demontage_Service_IntPro-mobility-3-768x857.jpg 768w, https:\/\/intpro-handelsagentur.com\/intpro-mobility\/wp-content\/uploads\/2023\/08\/Montage_Demontage_Service_IntPro-mobility-3-1376x1536.jpg 1376w, https:\/\/intpro-handelsagentur.com\/intpro-mobility\/wp-content\/uploads\/2023\/08\/Montage_Demontage_Service_IntPro-mobility-3.jpg 1800w\" sizes=\"auto, (max-width: 917px) 100vw, 917px\" \/>\t\t\t\t\t\t\n\t\t\t\t\t<\/div>\n\t\t\t\t\t\t<\/a>\t\t\n<style>\n#image_474728041 {\n  width: 100%;\n}\n<\/style>\n\t<\/div>\n\t\n\n\t<div class=\"img has-hover x md-x lg-x y md-y lg-y\" id=\"image_392102533\">\n\t\t<a class=\"image-lightbox lightbox-gallery\" title=\"\" href=\"https:\/\/intpro-handelsagentur.com\/intpro-mobility\/wp-content\/uploads\/2023\/08\/Montage_Demontage_Service_IntPro-mobility-2-1024x986.jpg\">\t\t\t\t\t\t<div class=\"img-inner dark\" >\n\t\t\t<img loading=\"lazy\" decoding=\"async\" width=\"1020\" height=\"982\" src=\"https:\/\/intpro-handelsagentur.com\/intpro-mobility\/wp-content\/uploads\/2023\/08\/Montage_Demontage_Service_IntPro-mobility-2-1024x986.jpg\" class=\"attachment-large size-large\" alt=\"\" srcset=\"https:\/\/intpro-handelsagentur.com\/intpro-mobility\/wp-content\/uploads\/2023\/08\/Montage_Demontage_Service_IntPro-mobility-2-1024x986.jpg 1024w, https:\/\/intpro-handelsagentur.com\/intpro-mobility\/wp-content\/uploads\/2023\/08\/Montage_Demontage_Service_IntPro-mobility-2-300x289.jpg 300w, https:\/\/intpro-handelsagentur.com\/intpro-mobility\/wp-content\/uploads\/2023\/08\/Montage_Demontage_Service_IntPro-mobility-2-768x739.jpg 768w, https:\/\/intpro-handelsagentur.com\/intpro-mobility\/wp-content\/uploads\/2023\/08\/Montage_Demontage_Service_IntPro-mobility-2-1536x1479.jpg 1536w, https:\/\/intpro-handelsagentur.com\/intpro-mobility\/wp-content\/uploads\/2023\/08\/Montage_Demontage_Service_IntPro-mobility-2.jpg 1800w\" sizes=\"auto, (max-width: 1020px) 100vw, 1020px\" \/>\t\t\t\t\t\t\n\t\t\t\t\t<\/div>\n\t\t\t\t\t\t<\/a>\t\t\n<style>\n#image_392102533 {\n  width: 100%;\n}\n<\/style>\n\t<\/div>\n\t\n\n\t<div class=\"img has-hover x md-x lg-x y md-y lg-y\" id=\"image_1269813887\">\n\t\t\t\t\t\t\t\t<div class=\"img-inner dark\" >\n\t\t\t<img loading=\"lazy\" decoding=\"async\" width=\"1008\" height=\"1024\" src=\"https:\/\/intpro-handelsagentur.com\/intpro-mobility\/wp-content\/uploads\/2023\/08\/Montage_Demontage_Service_IntPro-mobility-4-1008x1024.jpg\" class=\"attachment-large size-large\" alt=\"\" srcset=\"https:\/\/intpro-handelsagentur.com\/intpro-mobility\/wp-content\/uploads\/2023\/08\/Montage_Demontage_Service_IntPro-mobility-4-1008x1024.jpg 1008w, https:\/\/intpro-handelsagentur.com\/intpro-mobility\/wp-content\/uploads\/2023\/08\/Montage_Demontage_Service_IntPro-mobility-4-295x300.jpg 295w, https:\/\/intpro-handelsagentur.com\/intpro-mobility\/wp-content\/uploads\/2023\/08\/Montage_Demontage_Service_IntPro-mobility-4-768x780.jpg 768w, https:\/\/intpro-handelsagentur.com\/intpro-mobility\/wp-content\/uploads\/2023\/08\/Montage_Demontage_Service_IntPro-mobility-4-1512x1536.jpg 1512w, https:\/\/intpro-handelsagentur.com\/intpro-mobility\/wp-content\/uploads\/2023\/08\/Montage_Demontage_Service_IntPro-mobility-4.jpg 1800w\" sizes=\"auto, (max-width: 1008px) 100vw, 1008px\" \/>\t\t\t\t\t\t\n\t\t\t\t\t<\/div>\n\t\t\t\t\t\t\t\t\n<style>\n#image_1269813887 {\n  width: 100%;\n}\n<\/style>\n\t<\/div>\n\t\n\n\n     <\/div>\n\n     <div class=\"loading-spin dark large centered\"><\/div>\n\n\t<\/div>\n\n\n\n\t\t<\/div>\n\t\t\t\t\t<\/div>\n\n\t\n\n\t<div id=\"col-1827574291\" class=\"col medium-12 small-12 large-8\"  >\n\t\t\t\t<div class=\"col-inner\"  >\n\t\t\t\n\t\t\t\n\n<div class=\"et_pb_module et_pb_text et_pb_text_2  et_pb_text_align_left et_pb_bg_layout_dark\">\n<div class=\"et_pb_text_inner\">\n<h1><span style=\"color: #ffff00;\">Produktschulung &amp; Montage-\/Demontageservice<\/span><\/h1>\n<\/div>\n<\/div>\n<div class=\"et_pb_module et_pb_text et_pb_text_3  et_pb_text_align_left et_pb_bg_layout_dark\">\n<div class=\"et_pb_text_inner\">\n<p><span style=\"color: #ffffff;\">Entdecken Sie unsere erstklassigen Produkt- und Montageschulungen sowie unseren professionellen Demontage- und Montageservice!<\/span><\/p>\n<p><span style=\"color: #ffffff;\">M\u00f6chten Sie Ihr Fachwissen erweitern und Ihre F\u00e4higkeiten in der Produktmontage auf ein neues Level bringen? Oder ben\u00f6tigen Sie eine zuverl\u00e4ssige und erfahrene Hand, um komplexe Demontage- und Montageaufgaben zu bew\u00e4ltigen? Dann sind Sie bei uns genau richtig!<\/span><\/p>\n<p><span style=\"color: #ffffff;\">Unsere Produkt- und Montageschulungen sind darauf ausgelegt, Ihnen das n\u00f6tige Know-how zu vermitteln, um Montagearbeiten fachgerecht und effizient durchzuf\u00fchren. Unsere erfahrenes Team steht Ihnen mit umfangreichem Fachwissen zur Seite und geben Ihnen praxisnahe Tipps und Tricks, die Ihnen helfen, Ihre Montageprojekte erfolgreich abzuschlie\u00dfen.<\/span><\/p>\n<p><span style=\"color: #ffffff;\">Dar\u00fcber hinaus bieten wir Ihnen unseren Demontage- und Montageservice an. Unser hochqualifiziertes Team von Spezialisten steht bereit, um Ihnen bei komplexen Demontage- und Montageaufgaben behilflich zu sein. Wir wissen, dass Zeit und Effizienz f\u00fcr Sie von gro\u00dfer Bedeutung sind, daher arbeiten wir schnell, pr\u00e4zise und sorgf\u00e4ltig, um Ihre Anforderungen zu erf\u00fcllen.<\/span><\/p>\n<p><span style=\"color: #ffffff;\">Vertrauen Sie auf unsere langj\u00e4hrige Erfahrung und unsere Expertise in der Branche. Wir sind stolz darauf, einen erstklassigen Kundenservice anzubieten und sicherzustellen, dass Sie mit unseren Schulungen und unserem Service vollkommen zufrieden sind. Ihre Zufriedenheit steht f\u00fcr uns an erster Stelle.<\/span><\/p>\n<p><span style=\"color: #ffffff;\">Nehmen Sie noch heute Kontakt mit uns auf, um mehr \u00fcber unsere Produkt- und Montageschulungen sowie unseren Demontage- und Montageservice zu erfahren. Lassen Sie uns gemeinsam Ihre Produkt- oder Montageherausforderungen meistern und Ihnen die besten L\u00f6sungen bieten!<\/span><\/p>\n<\/div>\n<\/div>\n\t<div id=\"text-2506561779\" class=\"text\">\n\t\t\n\n<div id=\"about\" class=\"et_pb_with_border et_pb_section et_pb_section_1 et_pb_with_background et_section_regular\">\n<div class=\"et_pb_row et_pb_row_1 et_pb_equal_columns et_pb_gutters3\">\n<div class=\"et_pb_column et_pb_column_1_2 et_pb_column_3  et_pb_css_mix_blend_mode_passthrough et-last-child\">\n<div class=\"et_pb_with_border et_pb_module et_pb_text et_pb_text_4  et_pb_text_align_left et_pb_bg_layout_dark\">\n<div class=\"et_pb_text_inner\">\n<blockquote>\n<div id=\"about\" class=\"et_pb_with_border et_pb_section et_pb_section_1 et_pb_with_background et_section_regular\">\n<div class=\"et_pb_row et_pb_row_1 et_pb_equal_columns et_pb_gutters3\">\n<div class=\"et_pb_column et_pb_column_1_2 et_pb_column_3  et_pb_css_mix_blend_mode_passthrough et-last-child\">\n<div class=\"et_pb_with_border et_pb_module et_pb_text et_pb_text_4  et_pb_text_align_left et_pb_bg_layout_dark\">\n<div class=\"et_pb_text_inner\">\n<p><span style=\"color: #ffffff;\"><strong>Dienstleistungen:&nbsp;<\/strong>Produktschulung, Demontage, Aufarbeitung, Umr\u00fcstung, Montage, uvm.<\/span><\/p>\n<\/div>\n<\/div>\n<\/div>\n<\/div>\n<\/div>\n<\/blockquote>\n<\/div>\n<\/div>\n<\/div>\n<\/div>\n<\/div>\n\t\t\n<style>\n#text-2506561779 {\n  font-size: 0.95rem;\n}\n<\/style>\n\t<\/div>\n\t\n\n\t\t<\/div>\n\t\t\t\t\t<\/div>\n\n\t\n\n<\/div>\n\t<div id=\"gap-1748344132\" class=\"gap-element clearfix\" style=\"display:block; height:auto;\">\n\t\t\n<style>\n#gap-1748344132 {\n  padding-top: 110px;\n}\n<\/style>\n\t<\/div>\n\t\n\n\n\t<section class=\"section\" id=\"section_1746005022\">\n\t\t<div class=\"section-bg fill\" >\n\t\t\t<img loading=\"lazy\" decoding=\"async\" width=\"387\" height=\"297\" src=\"https:\/\/intpro-handelsagentur.com\/intpro-mobility\/wp-content\/uploads\/2023\/08\/Unser-Buero.png\" class=\"bg attachment- size-\" alt=\"\" \/>\t\t\t\t\t\t<div class=\"section-bg-overlay absolute fill\"><\/div>\n\t\t\t\n\n\t\t<\/div>\n\n\t\t\n\n\t\t<div class=\"section-content relative\">\n\t\t\t\n\n<div class=\"row\"  id=\"row-1323711177\">\n\n\n\t<div id=\"col-1077415890\" class=\"col small-12 large-12\"  >\n\t\t\t\t<div class=\"col-inner\"  >\n\t\t\t\n\t\t\t\n\n\t<div id=\"text-870796122\" class=\"text\">\n\t\t\n\n<h2><span style=\"font-size: 170%;\">Kontaktanfrage<\/span><\/h2>\n<p>\u00a0<\/p>\n<p>Offene Fragen gibt es bei uns nicht, daher stehen wir Ihnen unkompliziert zur Verf\u00fcgung:<\/p>\n<p>Unsere B\u00fcrozeiten<\/p>\n<p>Montag bis Donnerstag: von 08:30 bis 15:30 Uhr<br \/>Freitag: von 08:30 bis 12:30 Uhr<\/p>\n<p>oder pers\u00f6nlich nach Terminabstimmung.<\/p>\n\t\t\n<style>\n#text-870796122 {\n  text-align: center;\n  color: #ffffff;\n}\n#text-870796122 > * {\n  color: #ffffff;\n}\n<\/style>\n\t<\/div>\n\t\n\n\t\t<\/div>\n\t\t\t\t\t<\/div>\n\n\t\n\n<\/div>\n<div class=\"row\"  id=\"row-459653068\">\n\n\n\t<div id=\"col-1417674424\" class=\"col medium-4 small-12 large-4\"  >\n\t\t\t\t<div class=\"col-inner\"  >\n\t\t\t\n\t\t\t\n\n\n\t<a class=\"plain\" href=\"mailto:info@IntPro-Mobility.com\" >\t<div class=\"icon-box featured-box icon-box-center text-center\"  >\n\t\t\t\t\t<div class=\"icon-box-img\" style=\"width: 135px\">\n\t\t\t\t<div class=\"icon\">\n\t\t\t\t\t<div class=\"icon-inner\" >\n\t\t\t\t\t\t<img loading=\"lazy\" decoding=\"async\" width=\"300\" height=\"300\" src=\"https:\/\/intpro-handelsagentur.com\/intpro-mobility\/wp-content\/uploads\/2023\/09\/mail-300x300.png\" class=\"attachment-medium size-medium\" alt=\"\" srcset=\"https:\/\/intpro-handelsagentur.com\/intpro-mobility\/wp-content\/uploads\/2023\/09\/mail-300x300.png 300w, https:\/\/intpro-handelsagentur.com\/intpro-mobility\/wp-content\/uploads\/2023\/09\/mail-150x150.png 150w, https:\/\/intpro-handelsagentur.com\/intpro-mobility\/wp-content\/uploads\/2023\/09\/mail-768x768.png 768w, https:\/\/intpro-handelsagentur.com\/intpro-mobility\/wp-content\/uploads\/2023\/09\/mail.png 1024w\" sizes=\"auto, (max-width: 300px) 100vw, 300px\" \/>\t\t\t\t\t<\/div>\n\t\t\t\t<\/div>\n\t\t\t<\/div>\n\t\t\t\t<div class=\"icon-box-text last-reset\">\n\t\t\t\t\t\t\t\t\t\n\n\t<div id=\"text-3452352725\" class=\"text\">\n\t\t\n\n<h3>E-Mail<\/h3>\n<p>info@IntPro-mobility.com<\/p>\n\t\t\n<style>\n#text-3452352725 {\n  color: #ffffff;\n}\n#text-3452352725 > * {\n  color: #ffffff;\n}\n<\/style>\n\t<\/div>\n\t\n\n\t\t<\/div>\n\t<\/div>\n\t<\/a>\n\t\n\n\t\t<\/div>\n\t\t\t\t\t<\/div>\n\n\t\n\n\t<div id=\"col-218519137\" class=\"col medium-4 small-12 large-4\"  >\n\t\t\t\t<div class=\"col-inner\"  >\n\t\t\t\n\t\t\t\n\n\n\t<a class=\"plain\" href=\"tel:+4952116393052\" >\t<div class=\"icon-box featured-box icon-box-center text-center\"  >\n\t\t\t\t\t<div class=\"icon-box-img\" style=\"width: 135px\">\n\t\t\t\t<div class=\"icon\">\n\t\t\t\t\t<div class=\"icon-inner\" >\n\t\t\t\t\t\t<img loading=\"lazy\" decoding=\"async\" width=\"300\" height=\"300\" src=\"https:\/\/intpro-handelsagentur.com\/intpro-mobility\/wp-content\/uploads\/2023\/09\/phone-300x300.png\" class=\"attachment-medium size-medium\" alt=\"\" srcset=\"https:\/\/intpro-handelsagentur.com\/intpro-mobility\/wp-content\/uploads\/2023\/09\/phone-300x300.png 300w, https:\/\/intpro-handelsagentur.com\/intpro-mobility\/wp-content\/uploads\/2023\/09\/phone-150x150.png 150w, https:\/\/intpro-handelsagentur.com\/intpro-mobility\/wp-content\/uploads\/2023\/09\/phone-768x768.png 768w, https:\/\/intpro-handelsagentur.com\/intpro-mobility\/wp-content\/uploads\/2023\/09\/phone.png 1024w\" sizes=\"auto, (max-width: 300px) 100vw, 300px\" \/>\t\t\t\t\t<\/div>\n\t\t\t\t<\/div>\n\t\t\t<\/div>\n\t\t\t\t<div class=\"icon-box-text last-reset\">\n\t\t\t\t\t\t\t\t\t\n\n\t<div id=\"text-3698394409\" class=\"text\">\n\t\t\n\n<h3>Telefon<\/h3>\n<p>+49 (0) 521 1639305 2<\/p>\n\t\t\n<style>\n#text-3698394409 {\n  color: #ffffff;\n}\n#text-3698394409 > * {\n  color: #ffffff;\n}\n<\/style>\n\t<\/div>\n\t\n\n\t\t<\/div>\n\t<\/div>\n\t<\/a>\n\t\n\n\t\t<\/div>\n\t\t\t\t\t<\/div>\n\n\t\n\n\t<div id=\"col-971566816\" class=\"col medium-4 small-12 large-4\"  >\n\t\t\t\t<div class=\"col-inner\"  >\n\t\t\t\n\t\t\t\n\n\n\t<a class=\"plain\" href=\"https:\/\/maps.app.goo.gl\/5tRfD2wAZyTFM5gC8\" target=\"_blank\" rel=\"noopener\" >\t<div class=\"icon-box featured-box icon-box-center text-center\"  >\n\t\t\t\t\t<div class=\"icon-box-img\" style=\"width: 135px\">\n\t\t\t\t<div class=\"icon\">\n\t\t\t\t\t<div class=\"icon-inner\" >\n\t\t\t\t\t\t<img loading=\"lazy\" decoding=\"async\" width=\"300\" height=\"300\" src=\"https:\/\/intpro-handelsagentur.com\/intpro-mobility\/wp-content\/uploads\/2023\/09\/hotel-300x300.png\" class=\"attachment-medium size-medium\" alt=\"\" srcset=\"https:\/\/intpro-handelsagentur.com\/intpro-mobility\/wp-content\/uploads\/2023\/09\/hotel-300x300.png 300w, https:\/\/intpro-handelsagentur.com\/intpro-mobility\/wp-content\/uploads\/2023\/09\/hotel-150x150.png 150w, https:\/\/intpro-handelsagentur.com\/intpro-mobility\/wp-content\/uploads\/2023\/09\/hotel-768x768.png 768w, https:\/\/intpro-handelsagentur.com\/intpro-mobility\/wp-content\/uploads\/2023\/09\/hotel.png 1024w\" sizes=\"auto, (max-width: 300px) 100vw, 300px\" \/>\t\t\t\t\t<\/div>\n\t\t\t\t<\/div>\n\t\t\t<\/div>\n\t\t\t\t<div class=\"icon-box-text last-reset\">\n\t\t\t\t\t\t\t\t\t\n\n\t<div id=\"text-3950993547\" class=\"text\">\n\t\t\n\n<h3>B\u00fcro<\/h3>\n<p>B\u00f6ttcherstr.7 <br \/>\nDE-33609 Bielefeld<\/p>\n\t\t\n<style>\n#text-3950993547 {\n  color: #ffffff;\n}\n#text-3950993547 > * {\n  color: #ffffff;\n}\n<\/style>\n\t<\/div>\n\t\n\n\t\t<\/div>\n\t<\/div>\n\t<\/a>\n\t\n\n\t\t<\/div>\n\t\t\t\t\t<\/div>\n\n\t\n\n<\/div>\n\n\n\t\t<\/div>\n\n\t\t\n<style>\n#section_1746005022 {\n  padding-top: 30px;\n  padding-bottom: 30px;\n}\n#section_1746005022 .section-bg-overlay {\n  background-color: rgba(0, 0, 0, 0.802);\n}\n<\/style>\n\t<\/section>\n\t\n\n\t<div id=\"gap-297718333\" class=\"gap-element clearfix\" style=\"display:block; height:auto;\">\n\t\t\n<style>\n#gap-297718333 {\n  padding-top: 110px;\n}\n<\/style>\n\t<\/div>\n\t\n\n\n\t\t<\/div>\n\n\t\t\n<style>\n#section_1582991669 {\n  padding-top: 30px;\n  padding-bottom: 30px;\n  background-color: rgb(0,0,0);\n}\n<\/style>\n\t<\/section>\n\t\n\n","protected":false},"excerpt":{"rendered":"","protected":false},"author":1,"featured_media":0,"parent":0,"menu_order":0,"comment_status":"closed","ping_status":"closed","template":"page-blank.php","meta":{"footnotes":""},"class_list":["post-1822","page","type-page","status-publish","hentry"],"yoast_head":"<!-- This site is optimized with the Yoast SEO plugin v27.1.1 - https:\/\/yoast.com\/product\/yoast-seo-wordpress\/ -->\n<title>Produktschulung &amp; Montage-\/Demontageservice - Intpro Mobility<\/title>\n<meta name=\"description\" content=\"Unsere Vision ist Ihre Chance. Die Agentur in OWL f\u00fcr moderne, preiswerte und responsive Websites.\" \/>\n<meta name=\"robots\" content=\"index, follow, max-snippet:-1, max-image-preview:large, max-video-preview:-1\" \/>\n<link rel=\"canonical\" href=\"https:\/\/intpro-handelsagentur.com\/intpro-mobility\/produktschulung-montage-demontageservice\/\" \/>\n<meta property=\"og:locale\" content=\"de_DE\" \/>\n<meta property=\"og:type\" content=\"article\" \/>\n<meta property=\"og:title\" content=\"Produktschulung &amp; Montage-\/Demontageservice - Intpro Mobility\" \/>\n<meta property=\"og:description\" content=\"Unsere Vision ist Ihre Chance. Die Agentur in OWL f\u00fcr moderne, preiswerte und responsive Websites.\" \/>\n<meta property=\"og:url\" content=\"https:\/\/intpro-handelsagentur.com\/intpro-mobility\/produktschulung-montage-demontageservice\/\" \/>\n<meta property=\"og:site_name\" content=\"Intpro Mobility\" \/>\n<meta property=\"article:modified_time\" content=\"2025-06-27T18:55:00+00:00\" \/>\n<meta name=\"twitter:card\" content=\"summary_large_image\" \/>\n<meta name=\"twitter:label1\" content=\"Gesch\u00e4tzte Lesezeit\" \/>\n\t<meta name=\"twitter:data1\" content=\"2\u00a0Minuten\" \/>\n<script type=\"application\/ld+json\" class=\"yoast-schema-graph\">{\"@context\":\"https:\/\/schema.org\",\"@graph\":[{\"@type\":\"WebPage\",\"@id\":\"https:\/\/intpro-handelsagentur.com\/intpro-mobility\/produktschulung-montage-demontageservice\/\",\"url\":\"https:\/\/intpro-handelsagentur.com\/intpro-mobility\/produktschulung-montage-demontageservice\/\",\"name\":\"Produktschulung & Montage-\/Demontageservice - Intpro Mobility\",\"isPartOf\":{\"@id\":\"https:\/\/intpro-handelsagentur.com\/intpro-mobility\/#website\"},\"datePublished\":\"2023-08-07T11:35:42+00:00\",\"dateModified\":\"2025-06-27T18:55:00+00:00\",\"description\":\"Unsere Vision ist Ihre Chance. Die Agentur in OWL f\u00fcr moderne, preiswerte und responsive Websites.\",\"breadcrumb\":{\"@id\":\"https:\/\/intpro-handelsagentur.com\/intpro-mobility\/produktschulung-montage-demontageservice\/#breadcrumb\"},\"inLanguage\":\"de\",\"potentialAction\":[{\"@type\":\"ReadAction\",\"target\":[\"https:\/\/intpro-handelsagentur.com\/intpro-mobility\/produktschulung-montage-demontageservice\/\"]}]},{\"@type\":\"BreadcrumbList\",\"@id\":\"https:\/\/intpro-handelsagentur.com\/intpro-mobility\/produktschulung-montage-demontageservice\/#breadcrumb\",\"itemListElement\":[{\"@type\":\"ListItem\",\"position\":1,\"name\":\"Startseite\",\"item\":\"https:\/\/intpro-handelsagentur.com\/intpro-mobility\/\"},{\"@type\":\"ListItem\",\"position\":2,\"name\":\"Produktschulung &#038; Montage-\/Demontageservice\"}]},{\"@type\":\"WebSite\",\"@id\":\"https:\/\/intpro-handelsagentur.com\/intpro-mobility\/#website\",\"url\":\"https:\/\/intpro-handelsagentur.com\/intpro-mobility\/\",\"name\":\"Intpro Mobility\",\"description\":\"\",\"potentialAction\":[{\"@type\":\"SearchAction\",\"target\":{\"@type\":\"EntryPoint\",\"urlTemplate\":\"https:\/\/intpro-handelsagentur.com\/intpro-mobility\/?s={search_term_string}\"},\"query-input\":{\"@type\":\"PropertyValueSpecification\",\"valueRequired\":true,\"valueName\":\"search_term_string\"}}],\"inLanguage\":\"de\"}]}<\/script>\n<!-- \/ Yoast SEO plugin. -->","yoast_head_json":{"title":"Produktschulung & Montage-\/Demontageservice - Intpro Mobility","description":"Unsere Vision ist Ihre Chance. Die Agentur in OWL f\u00fcr moderne, preiswerte und responsive Websites.","robots":{"index":"index","follow":"follow","max-snippet":"max-snippet:-1","max-image-preview":"max-image-preview:large","max-video-preview":"max-video-preview:-1"},"canonical":"https:\/\/intpro-handelsagentur.com\/intpro-mobility\/produktschulung-montage-demontageservice\/","og_locale":"de_DE","og_type":"article","og_title":"Produktschulung & Montage-\/Demontageservice - Intpro Mobility","og_description":"Unsere Vision ist Ihre Chance. Die Agentur in OWL f\u00fcr moderne, preiswerte und responsive Websites.","og_url":"https:\/\/intpro-handelsagentur.com\/intpro-mobility\/produktschulung-montage-demontageservice\/","og_site_name":"Intpro Mobility","article_modified_time":"2025-06-27T18:55:00+00:00","twitter_card":"summary_large_image","twitter_misc":{"Gesch\u00e4tzte Lesezeit":"2\u00a0Minuten"},"schema":{"@context":"https:\/\/schema.org","@graph":[{"@type":"WebPage","@id":"https:\/\/intpro-handelsagentur.com\/intpro-mobility\/produktschulung-montage-demontageservice\/","url":"https:\/\/intpro-handelsagentur.com\/intpro-mobility\/produktschulung-montage-demontageservice\/","name":"Produktschulung & Montage-\/Demontageservice - Intpro Mobility","isPartOf":{"@id":"https:\/\/intpro-handelsagentur.com\/intpro-mobility\/#website"},"datePublished":"2023-08-07T11:35:42+00:00","dateModified":"2025-06-27T18:55:00+00:00","description":"Unsere Vision ist Ihre Chance. Die Agentur in OWL f\u00fcr moderne, preiswerte und responsive Websites.","breadcrumb":{"@id":"https:\/\/intpro-handelsagentur.com\/intpro-mobility\/produktschulung-montage-demontageservice\/#breadcrumb"},"inLanguage":"de","potentialAction":[{"@type":"ReadAction","target":["https:\/\/intpro-handelsagentur.com\/intpro-mobility\/produktschulung-montage-demontageservice\/"]}]},{"@type":"BreadcrumbList","@id":"https:\/\/intpro-handelsagentur.com\/intpro-mobility\/produktschulung-montage-demontageservice\/#breadcrumb","itemListElement":[{"@type":"ListItem","position":1,"name":"Startseite","item":"https:\/\/intpro-handelsagentur.com\/intpro-mobility\/"},{"@type":"ListItem","position":2,"name":"Produktschulung &#038; Montage-\/Demontageservice"}]},{"@type":"WebSite","@id":"https:\/\/intpro-handelsagentur.com\/intpro-mobility\/#website","url":"https:\/\/intpro-handelsagentur.com\/intpro-mobility\/","name":"Intpro Mobility","description":"","potentialAction":[{"@type":"SearchAction","target":{"@type":"EntryPoint","urlTemplate":"https:\/\/intpro-handelsagentur.com\/intpro-mobility\/?s={search_term_string}"},"query-input":{"@type":"PropertyValueSpecification","valueRequired":true,"valueName":"search_term_string"}}],"inLanguage":"de"}]}},"_links":{"self":[{"href":"https:\/\/intpro-handelsagentur.com\/intpro-mobility\/wp-json\/wp\/v2\/pages\/1822","targetHints":{"allow":["GET"]}}],"collection":[{"href":"https:\/\/intpro-handelsagentur.com\/intpro-mobility\/wp-json\/wp\/v2\/pages"}],"about":[{"href":"https:\/\/intpro-handelsagentur.com\/intpro-mobility\/wp-json\/wp\/v2\/types\/page"}],"author":[{"embeddable":true,"href":"https:\/\/intpro-handelsagentur.com\/intpro-mobility\/wp-json\/wp\/v2\/users\/1"}],"replies":[{"embeddable":true,"href":"https:\/\/intpro-handelsagentur.com\/intpro-mobility\/wp-json\/wp\/v2\/comments?post=1822"}],"version-history":[{"count":10,"href":"https:\/\/intpro-handelsagentur.com\/intpro-mobility\/wp-json\/wp\/v2\/pages\/1822\/revisions"}],"predecessor-version":[{"id":2516,"href":"https:\/\/intpro-handelsagentur.com\/intpro-mobility\/wp-json\/wp\/v2\/pages\/1822\/revisions\/2516"}],"wp:attachment":[{"href":"https:\/\/intpro-handelsagentur.com\/intpro-mobility\/wp-json\/wp\/v2\/media?parent=1822"}],"curies":[{"name":"wp","href":"https:\/\/api.w.org\/{rel}","templated":true}]}}